{"id":286729,"date":"2025-03-07T12:20:58","date_gmt":"2025-03-07T12:20:58","guid":{"rendered":"https:\/\/recoletasmarbella.com\/?page_id=286729"},"modified":"2025-07-08T12:31:31","modified_gmt":"2025-07-08T12:31:31","slug":"compliance-richtlinie","status":"publish","type":"page","link":"https:\/\/recoletasmarbella.com\/de\/compliance-richtlinie\/","title":{"rendered":"Compliance-Richtlinien"},"content":{"rendered":"<p>[et_pb_section fb_built=\u00bb1&#8243; _builder_version=\u00bb4.27.4&#8243; _module_preset=\u00bbdefault\u00bb background_color=\u00bb#F2F2F2&#8243; custom_padding=\u00bb21px||24px|||\u00bb global_colors_info=\u00bb{}\u00bb][et_pb_row _builder_version=\u00bb4.27.4&#8243; _module_preset=\u00bbdefault\u00bb global_colors_info=\u00bb{}\u00bb][et_pb_column type=\u00bb4_4&#8243; _builder_version=\u00bb4.27.4&#8243; _module_preset=\u00bbdefault\u00bb global_colors_info=\u00bb{}\u00bb][et_pb_text _builder_version=\u00bb4.27.4&#8243; _module_preset=\u00bbb20293d3-7e7e-4718-8a41-9d40e20be87b\u00bb header_2_font=\u00bb&#8211;et_global_heading_font|800||on|||||\u00bb header_2_font_size=\u00bb31px\u00bb header_2_letter_spacing=\u00bb0px\u00bb header_2_line_height=\u00bb1em\u00bb header_4_text_color=\u00bb#C7A3DE\u00bb max_width=\u00bb379px\u00bb max_width_tablet=\u00bb379px\u00bb max_width_phone=\u00bb266px\u00bb max_width_last_edited=\u00bbon|phone\u00bb module_alignment=\u00bbcenter\u00bb custom_padding=\u00bb|30px||30px|false|true\u00bb hover_enabled=\u00bb0&#8243; border_width_right=\u00bb2px\u00bb border_color_right=\u00bb#C7A3DE\u00bb border_width_left=\u00bb2px\u00bb border_color_left=\u00bb#C7A3DE\u00bb locked=\u00bboff\u00bb global_colors_info=\u00bb{}\u00bb sticky_enabled=\u00bb0&#8243;]<\/p>\n<h3 style=\"text-align: center;\">GDPR<\/h3>\n<h2 style=\"text-align: center;\">Compliance-Richtlinie<\/h2>\n<p>[\/et_pb_text][\/et_pb_column][\/et_pb_row][\/et_pb_section][et_pb_section fb_built=\u00bb1&#8243; _builder_version=\u00bb4.27.4&#8243; _module_preset=\u00bbdefault\u00bb global_colors_info=\u00bb{}\u00bb][et_pb_row _builder_version=\u00bb4.27.4&#8243; _module_preset=\u00bbdefault\u00bb global_colors_info=\u00bb{}\u00bb][et_pb_column type=\u00bb4_4&#8243; _builder_version=\u00bb4.27.4&#8243; _module_preset=\u00bbdefault\u00bb global_colors_info=\u00bb{}\u00bb][et_pb_text _builder_version=\u00bb4.27.4&#8243; _module_preset=\u00bbdefault\u00bb header_2_font_size=\u00bb28px\u00bb header_3_font_size=\u00bb17px\u00bb header_3_line_height=\u00bb2.2em\u00bb header_4_text_color=\u00bb#ac8dc1&#8243; header_4_font_size=\u00bb15px\u00bb custom_padding=\u00bb|0px||0px|false|true\u00bb global_colors_info=\u00bb{}\u00bb]<\/p>\n<p style=\"text-align: justify;\">Die<span>\u00a0<\/span><strong>Politik der Einhaltung<\/strong><span>\u00a0<\/span>von<strong><span>\u00a0<\/span>Grupo Recoletas<\/strong><span>\u00a0<\/span>bekr\u00e4ftigt sein Engagement f\u00fcr die<span>\u00a0<\/span><strong>Strenge Einhaltung der geltenden Gesetze und Vorschriften<\/strong>. Die Begehung von Straftaten und Ordnungswidrigkeiten ist verboten, wobei die T\u00e4tigkeiten genannt werden, in deren Rahmen Straftaten begangen werden k\u00f6nnen, die vorhersehbar sein m\u00fcssen.<\/p>\n<p style=\"text-align: justify;\"><strong>Sowohl das Management als auch die Mitarbeiter der Recoletas-Gruppe<\/strong><span>\u00a0<\/span>die Ziele der Compliance-Politik kennen und sie in ihrer t\u00e4glichen Arbeit umsetzen, um das Risiko der Nichteinhaltung zu minimieren.<\/p>\n<p style=\"text-align: justify;\">Die Compliance-Politik der Recoletas-Gruppe zielt darauf ab, durch die Politik, die Verfahren und die anderen Instrumente, aus denen sie besteht, die Schaffung, F\u00f6rderung und Erhaltung eines<span>\u00a0<\/span><strong>Kultur der guten Praxis und Unternehmensethik<\/strong><span>\u00a0<\/span>im Einklang mit den Zielen der Organisation stehen. Die Politik wird unter Bezugnahme auf folgende Punkte entwickelt<span>\u00a0<\/span><strong>Grunds\u00e4tze und Werte, die Grupo Recoletas kennzeichnen<\/strong>.<\/p>\n<p>[\/et_pb_text][et_pb_text _builder_version=\u00bb4.27.4&#8243; _module_preset=\u00bbdefault\u00bb header_2_font_size=\u00bb28px\u00bb header_3_font_size=\u00bb17px\u00bb header_3_line_height=\u00bb2.2em\u00bb header_4_text_color=\u00bb#ac8dc1&#8243; header_4_font_size=\u00bb15px\u00bb custom_padding=\u00bb|0px||0px|false|true\u00bb global_colors_info=\u00bb{}\u00bb]<\/p>\n<p style=\"text-align: justify;\">Als zentrales Element hat Grupo Recoletas eine<span>\u00a0<\/span><a href=\"https:\/\/lomasrecoletas.com\/wp-content\/uploads\/2024\/11\/v2-Codigo_etico-RECOLETAS_SALUD-rev11_2024-1.pdf\" target=\"_blank\" rel=\"noopener\"><strong>Ethischer Kodex<\/strong><\/a>Ziel ist es, die Aktivit\u00e4ten der Mitglieder der Gruppe so zu lenken, dass sie sich die Grunds\u00e4tze und Werte des Unternehmens zu eigen machen und sie verbindlich einhalten.<\/p>\n<p style=\"text-align: justify;\">Um das ordnungsgem\u00e4\u00dfe Funktionieren der Compliance-Politik zu gew\u00e4hrleisten, verf\u00fcgt die Recoletas-Gruppe \u00fcber ein<span>\u00a0<\/span><strong>Compliance-Ausschuss<\/strong>. Dieser mit Unabh\u00e4ngigkeit und Autorit\u00e4t ausgestattete Ausschuss steht f\u00fcr alle Fragen zur Verf\u00fcgung, die sich im Zusammenhang mit der Einhaltung von Vorschriften ergeben, und ist f\u00fcr die Verwaltung des Ethik-Kanals zust\u00e4ndig, da er f\u00fcr das interne Informationssystem der Gruppe verantwortlich ist.<\/p>\n<p style=\"text-align: justify;\">Durch die<span>\u00a0<\/span><a href=\"https:\/\/whistleblowersoftware.com\/secure\/canaleticorecoletas\" target=\"_blank\" rel=\"noopener\"><strong>Ethischer Kanal<\/strong><\/a>, Die Konfiguration des Tools erfolgt auf der Grundlage der<span>\u00a0<\/span><em>Richtlinie (EU) 2019\/1937 des Europ\u00e4ischen Parlaments und des Rates vom 23. Oktober 2019 zum Schutz von Personen, die Verst\u00f6\u00dfe gegen das Unionsrecht melden<\/em>als auch in der<span>\u00a0<\/span><em>Gesetz 2\/2023 vom 20. Februar \u00fcber den Schutz von Personen, die Ordnungswidrigkeiten melden, und die Bek\u00e4mpfung der Korruption<\/em>\u00fcber die Mitteilungen \u00fcber m\u00f6gliche Unregelm\u00e4\u00dfigkeiten gemacht werden k\u00f6nnen, die m\u00f6glicherweise stattfinden und von denen sie Kenntnis haben.<\/p>\n<p style=\"text-align: justify;\">Anonymit\u00e4t und der Grundsatz der Nicht-Repressalisierung von Hinweisgebern sowie die Unschuldsvermutung f\u00fcr die Beschuldigten sind gew\u00e4hrleistet.<\/p>\n<p style=\"text-align: justify;\">Um das Verst\u00e4ndnis und die Kenntnis des Compliance-Programms zu f\u00f6rdern, f\u00fchren wir geeignete Ma\u00dfnahmen durch<span>\u00a0<\/span><strong>Trainingseinheiten<\/strong><span>\u00a0<\/span>f\u00fcr das Personal der Recoletas-Gruppe, je nach dem bestehenden Bedarf.<\/p>\n<p style=\"text-align: justify;\">Durch all diese Elemente spiegelt die Recoletas-Gruppe ihre<span>\u00a0<\/span><strong>Engagement f\u00fcr Gesch\u00e4ftsethik, Transparenz und gute Praktiken<\/strong>und die kontinuierliche Verbesserung ihrer Managementsysteme.<\/p>\n<p>[\/et_pb_text][\/et_pb_column][\/et_pb_row][\/et_pb_section]<\/p>","protected":false},"excerpt":{"rendered":"<p>GDPR Pol\u00edtica de CompromisoLa\u00a0Pol\u00edtica de Compliance\u00a0de\u00a0Grupo Recoletas\u00a0expresa su compromiso con el\u00a0estricto cumplimiento de las leyes y la normativa en vigor. Queda prohibida la comisi\u00f3n de actos delictivos e irregulares, identific\u00e1ndose las actividades en cuyo \u00e1mbito puedan ser cometidos los delitos que deben ser previstos. Tanto la Direcci\u00f3n como los empleados de Grupo Recoletas\u00a0son conocedores de [&hellip;]<\/p>","protected":false},"author":1,"featured_media":286575,"parent":0,"menu_order":0,"comment_status":"closed","ping_status":"closed","template":"","meta":{"_et_pb_use_builder":"on","_et_pb_old_content":"","_et_gb_content_width":"","footnotes":""},"class_list":["post-286729","page","type-page","status-publish","has-post-thumbnail","hentry"],"yoast_head":"<!-- This site is optimized with the Yoast SEO plugin v26.1.1 - https:\/\/yoast.com\/wordpress\/plugins\/seo\/ -->\n<title>Pol\u00edtica de compliance - Hospital Marbella<\/title>\n<meta name=\"description\" content=\"Pol\u00edtica de compliance cumplimos con la normativa legal y \u00e9tica en nuestras actividades, garantizando transparencia e integridad en el sector\" \/>\n<meta name=\"robots\" content=\"noindex, nofollow\" \/>\n<meta property=\"og:locale\" content=\"de_DE\" \/>\n<meta property=\"og:type\" content=\"article\" \/>\n<meta property=\"og:title\" content=\"Pol\u00edtica de compliance - Hospital Marbella\" \/>\n<meta property=\"og:description\" content=\"Pol\u00edtica de compliance cumplimos con la normativa legal y \u00e9tica en nuestras actividades, garantizando transparencia e integridad en el sector\" \/>\n<meta property=\"og:url\" content=\"https:\/\/recoletasmarbella.com\/de\/compliance-richtlinie\/\" \/>\n<meta property=\"og:site_name\" content=\"Hospital Marbella\" \/>\n<meta property=\"article:publisher\" content=\"https:\/\/www.facebook.com\/people\/Recoletas-Salud-Marbella\/61573653462220\/\" \/>\n<meta property=\"article:modified_time\" content=\"2025-07-08T12:31:31+00:00\" \/>\n<meta property=\"og:image\" content=\"https:\/\/recoletasmarbella.com\/wp-content\/uploads\/2025\/02\/recoletasmarbella2-215.jpg\" \/>\n\t<meta property=\"og:image:width\" content=\"1600\" \/>\n\t<meta property=\"og:image:height\" content=\"1067\" \/>\n\t<meta property=\"og:image:type\" content=\"image\/jpeg\" \/>\n<meta name=\"twitter:card\" content=\"summary_large_image\" \/>\n<meta name=\"twitter:label1\" content=\"Gesch\u00e4tzte Lesezeit\" \/>\n\t<meta name=\"twitter:data1\" content=\"3\u00a0Minuten\" \/>\n<script type=\"application\/ld+json\" class=\"yoast-schema-graph\">{\"@context\":\"https:\/\/schema.org\",\"@graph\":[{\"@type\":\"WebPage\",\"@id\":\"https:\/\/recoletasmarbella.com\/fr\/politique-de-conformite\/\",\"url\":\"https:\/\/recoletasmarbella.com\/fr\/politique-de-conformite\/\",\"name\":\"Pol\u00edtica de compliance - Hospital Marbella\",\"isPartOf\":{\"@id\":\"https:\/\/recoletasmarbella.com\/es\/#website\"},\"primaryImageOfPage\":{\"@id\":\"https:\/\/recoletasmarbella.com\/fr\/politique-de-conformite\/#primaryimage\"},\"image\":{\"@id\":\"https:\/\/recoletasmarbella.com\/fr\/politique-de-conformite\/#primaryimage\"},\"thumbnailUrl\":\"https:\/\/recoletasmarbella.com\/wp-content\/uploads\/2025\/02\/recoletasmarbella2-215.jpg\",\"datePublished\":\"2025-03-07T12:20:58+00:00\",\"dateModified\":\"2025-07-08T12:31:31+00:00\",\"description\":\"Pol\u00edtica de compliance cumplimos con la normativa legal y \u00e9tica en nuestras actividades, garantizando transparencia e integridad en el sector\",\"breadcrumb\":{\"@id\":\"https:\/\/recoletasmarbella.com\/fr\/politique-de-conformite\/#breadcrumb\"},\"inLanguage\":\"de\",\"potentialAction\":[{\"@type\":\"ReadAction\",\"target\":[\"https:\/\/recoletasmarbella.com\/fr\/politique-de-conformite\/\"]}]},{\"@type\":\"ImageObject\",\"inLanguage\":\"de\",\"@id\":\"https:\/\/recoletasmarbella.com\/fr\/politique-de-conformite\/#primaryimage\",\"url\":\"https:\/\/recoletasmarbella.com\/wp-content\/uploads\/2025\/02\/recoletasmarbella2-215.jpg\",\"contentUrl\":\"https:\/\/recoletasmarbella.com\/wp-content\/uploads\/2025\/02\/recoletasmarbella2-215.jpg\",\"width\":1600,\"height\":1067,\"caption\":\"Hospital Recoletas Salud Marbella\"},{\"@type\":\"BreadcrumbList\",\"@id\":\"https:\/\/recoletasmarbella.com\/fr\/politique-de-conformite\/#breadcrumb\",\"itemListElement\":[{\"@type\":\"ListItem\",\"position\":1,\"name\":\"Portada\",\"item\":\"https:\/\/recoletasmarbella.com\/es\/\"},{\"@type\":\"ListItem\",\"position\":2,\"name\":\"Pol\u00edtica de compliance\"}]},{\"@type\":\"WebSite\",\"@id\":\"https:\/\/recoletasmarbella.com\/es\/#website\",\"url\":\"https:\/\/recoletasmarbella.com\/es\/\",\"name\":\"Hospital Recoletas Salud Marbella\",\"description\":\"Recoletas Salud\",\"publisher\":{\"@id\":\"https:\/\/recoletasmarbella.com\/es\/#organization\"},\"potentialAction\":[{\"@type\":\"SearchAction\",\"target\":{\"@type\":\"EntryPoint\",\"urlTemplate\":\"https:\/\/recoletasmarbella.com\/es\/?s={search_term_string}\"},\"query-input\":{\"@type\":\"PropertyValueSpecification\",\"valueRequired\":true,\"valueName\":\"search_term_string\"}}],\"inLanguage\":\"de\"},{\"@type\":\"Organization\",\"@id\":\"https:\/\/recoletasmarbella.com\/es\/#organization\",\"name\":\"Grupo Recoletas\",\"url\":\"https:\/\/recoletasmarbella.com\/es\/\",\"logo\":{\"@type\":\"ImageObject\",\"inLanguage\":\"de\",\"@id\":\"https:\/\/recoletasmarbella.com\/es\/#\/schema\/logo\/image\/\",\"url\":\"http:\/\/recoletasmarbella.com\/wp-content\/uploads\/2025\/01\/logo-v-hospital-marbella-1.png\",\"contentUrl\":\"http:\/\/recoletasmarbella.com\/wp-content\/uploads\/2025\/01\/logo-v-hospital-marbella-1.png\",\"width\":216,\"height\":164,\"caption\":\"Grupo Recoletas\"},\"image\":{\"@id\":\"https:\/\/recoletasmarbella.com\/es\/#\/schema\/logo\/image\/\"},\"sameAs\":[\"https:\/\/www.facebook.com\/people\/Recoletas-Salud-Marbella\/61573653462220\/\",\"https:\/\/www.instagram.com\/recoletassaludmarbella\/\",\"https:\/\/www.linkedin.com\/company\/recoletas-salud-marbella\",\"https:\/\/www.youtube.com\/@recoletassalud\"]}]}<\/script>\n<!-- \/ Yoast SEO plugin. -->","yoast_head_json":{"title":"Compliance-Politik - Krankenhaus Marbella","description":"Compliance-Politik Wir halten uns bei unserer T\u00e4tigkeit an die gesetzlichen und ethischen Vorschriften und gew\u00e4hrleisten so Transparenz und Integrit\u00e4t in der Branche.","robots":{"index":"noindex","follow":"nofollow"},"og_locale":"de_DE","og_type":"article","og_title":"Pol\u00edtica de compliance - Hospital Marbella","og_description":"Pol\u00edtica de compliance cumplimos con la normativa legal y \u00e9tica en nuestras actividades, garantizando transparencia e integridad en el sector","og_url":"https:\/\/recoletasmarbella.com\/de\/compliance-richtlinie\/","og_site_name":"Hospital Marbella","article_publisher":"https:\/\/www.facebook.com\/people\/Recoletas-Salud-Marbella\/61573653462220\/","article_modified_time":"2025-07-08T12:31:31+00:00","og_image":[{"width":1600,"height":1067,"url":"https:\/\/recoletasmarbella.com\/wp-content\/uploads\/2025\/02\/recoletasmarbella2-215.jpg","type":"image\/jpeg"}],"twitter_card":"summary_large_image","twitter_misc":{"Gesch\u00e4tzte Lesezeit":"3\u00a0Minuten"},"schema":{"@context":"https:\/\/schema.org","@graph":[{"@type":"WebPage","@id":"https:\/\/recoletasmarbella.com\/fr\/politique-de-conformite\/","url":"https:\/\/recoletasmarbella.com\/fr\/politique-de-conformite\/","name":"Compliance-Politik - Krankenhaus Marbella","isPartOf":{"@id":"https:\/\/recoletasmarbella.com\/es\/#website"},"primaryImageOfPage":{"@id":"https:\/\/recoletasmarbella.com\/fr\/politique-de-conformite\/#primaryimage"},"image":{"@id":"https:\/\/recoletasmarbella.com\/fr\/politique-de-conformite\/#primaryimage"},"thumbnailUrl":"https:\/\/recoletasmarbella.com\/wp-content\/uploads\/2025\/02\/recoletasmarbella2-215.jpg","datePublished":"2025-03-07T12:20:58+00:00","dateModified":"2025-07-08T12:31:31+00:00","description":"Compliance-Politik Wir halten uns bei unserer T\u00e4tigkeit an die gesetzlichen und ethischen Vorschriften und gew\u00e4hrleisten so Transparenz und Integrit\u00e4t in der Branche.","breadcrumb":{"@id":"https:\/\/recoletasmarbella.com\/fr\/politique-de-conformite\/#breadcrumb"},"inLanguage":"de","potentialAction":[{"@type":"ReadAction","target":["https:\/\/recoletasmarbella.com\/fr\/politique-de-conformite\/"]}]},{"@type":"ImageObject","inLanguage":"de","@id":"https:\/\/recoletasmarbella.com\/fr\/politique-de-conformite\/#primaryimage","url":"https:\/\/recoletasmarbella.com\/wp-content\/uploads\/2025\/02\/recoletasmarbella2-215.jpg","contentUrl":"https:\/\/recoletasmarbella.com\/wp-content\/uploads\/2025\/02\/recoletasmarbella2-215.jpg","width":1600,"height":1067,"caption":"Hospital Recoletas Salud Marbella"},{"@type":"BreadcrumbList","@id":"https:\/\/recoletasmarbella.com\/fr\/politique-de-conformite\/#breadcrumb","itemListElement":[{"@type":"ListItem","position":1,"name":"Portada","item":"https:\/\/recoletasmarbella.com\/es\/"},{"@type":"ListItem","position":2,"name":"Pol\u00edtica de compliance"}]},{"@type":"WebSite","@id":"https:\/\/recoletasmarbella.com\/es\/#website","url":"https:\/\/recoletasmarbella.com\/es\/","name":"Hospital Recoletas Salud Marbella","description":"Recoletas Gesundheit","publisher":{"@id":"https:\/\/recoletasmarbella.com\/es\/#organization"},"potentialAction":[{"@type":"SearchAction","target":{"@type":"EntryPoint","urlTemplate":"https:\/\/recoletasmarbella.com\/es\/?s={search_term_string}"},"query-input":{"@type":"PropertyValueSpecification","valueRequired":true,"valueName":"search_term_string"}}],"inLanguage":"de"},{"@type":"Organization","@id":"https:\/\/recoletasmarbella.com\/es\/#organization","name":"Grupo Recoletas","url":"https:\/\/recoletasmarbella.com\/es\/","logo":{"@type":"ImageObject","inLanguage":"de","@id":"https:\/\/recoletasmarbella.com\/es\/#\/schema\/logo\/image\/","url":"http:\/\/recoletasmarbella.com\/wp-content\/uploads\/2025\/01\/logo-v-hospital-marbella-1.png","contentUrl":"http:\/\/recoletasmarbella.com\/wp-content\/uploads\/2025\/01\/logo-v-hospital-marbella-1.png","width":216,"height":164,"caption":"Grupo Recoletas"},"image":{"@id":"https:\/\/recoletasmarbella.com\/es\/#\/schema\/logo\/image\/"},"sameAs":["https:\/\/www.facebook.com\/people\/Recoletas-Salud-Marbella\/61573653462220\/","https:\/\/www.instagram.com\/recoletassaludmarbella\/","https:\/\/www.linkedin.com\/company\/recoletas-salud-marbella","https:\/\/www.youtube.com\/@recoletassalud"]}]}},"_links":{"self":[{"href":"https:\/\/recoletasmarbella.com\/de\/wp-json\/wp\/v2\/pages\/286729","targetHints":{"allow":["GET"]}}],"collection":[{"href":"https:\/\/recoletasmarbella.com\/de\/wp-json\/wp\/v2\/pages"}],"about":[{"href":"https:\/\/recoletasmarbella.com\/de\/wp-json\/wp\/v2\/types\/page"}],"author":[{"embeddable":true,"href":"https:\/\/recoletasmarbella.com\/de\/wp-json\/wp\/v2\/users\/1"}],"replies":[{"embeddable":true,"href":"https:\/\/recoletasmarbella.com\/de\/wp-json\/wp\/v2\/comments?post=286729"}],"version-history":[{"count":7,"href":"https:\/\/recoletasmarbella.com\/de\/wp-json\/wp\/v2\/pages\/286729\/revisions"}],"predecessor-version":[{"id":291913,"href":"https:\/\/recoletasmarbella.com\/de\/wp-json\/wp\/v2\/pages\/286729\/revisions\/291913"}],"wp:featuredmedia":[{"embeddable":true,"href":"https:\/\/recoletasmarbella.com\/de\/wp-json\/wp\/v2\/media\/286575"}],"wp:attachment":[{"href":"https:\/\/recoletasmarbella.com\/de\/wp-json\/wp\/v2\/media?parent=286729"}],"curies":[{"name":"wp","href":"https:\/\/api.w.org\/{rel}","templated":true}]}}