{"id":286725,"date":"2025-03-07T12:17:18","date_gmt":"2025-03-07T12:17:18","guid":{"rendered":"https:\/\/recoletasmarbella.com\/?page_id=286725"},"modified":"2025-06-30T17:07:39","modified_gmt":"2025-06-30T17:07:39","slug":"management-system-policy","status":"publish","type":"page","link":"https:\/\/recoletasmarbella.com\/en\/management-system-policy\/","title":{"rendered":"Management system policy"},"content":{"rendered":"<p>[et_pb_section fb_built=\"1\u2033 _builder_version=\"4.27.4\u2033 _module_preset=\"default\" background_color=\"#F2F2F2F2\u2033 custom_padding=\"21px||24px||||\" global_colors_info=\"{}\"][et_pb_row _builder_version=\"4.27.4\u2033 _module_preset=\"default\" global_colors_info=\"{}\"][et_pb_column type=\"4_4\u2033 _builder_version=\"4.27.4\u2033 _module_preset=\"default\" global_colors_info=\"{}\"][et_pb_text _builder_version=\"4.27.4\u2033 _module_preset=\u00bbb20293d3-7e7e-4718-8a41-9d40e20be87b\" header_2_font=\"-et_global_heading_font|800||on|||||\" header_2_font_size=\"31px\" header_2_letter_spacing=\"0px\" header_2_line_height=\"1em\" header_4_text_color=\"#C7A3DE\" max_width=\"379px\" max_width_tablet=\"379px\" max_width_phone=\"266px\" max_width_last_edited=\"on|phone\" module_alignment=\"center\" custom_padding=\"|30px|||30px|false|true\" border_width_right=\"2px\" border_color_right=\"#C7A3DE\" border_width_left=\"2px\" border_color_left=\"#C7A3DE\" locked=\"off\" global_colors_info=\"{}\"]<\/p>\n<h3 style=\"text-align: center;\">GDPR<\/h3>\n<h2 style=\"text-align: center;\">Management system policy<\/h2>\n<p>[\/et_pb_text][\/et_pb_column][\/et_pb_row][\/et_pb_section][et_pb_section fb_built=\u00bb1&#8243; _builder_version=\u00bb4.27.4&#8243; _module_preset=\u00bbdefault\u00bb global_colors_info=\u00bb{}\u00bb][et_pb_row _builder_version=\u00bb4.27.4&#8243; _module_preset=\u00bbdefault\u00bb global_colors_info=\u00bb{}\u00bb][et_pb_column type=\u00bb4_4&#8243; _builder_version=\u00bb4.27.4&#8243; _module_preset=\u00bbdefault\u00bb global_colors_info=\u00bb{}\u00bb][et_pb_text _builder_version=\u00bb4.27.4&#8243; _module_preset=\u00bbdefault\u00bb header_2_font_size=\u00bb28px\u00bb header_3_font_size=\u00bb17px\u00bb header_3_line_height=\u00bb2.2em\u00bb header_4_text_color=\u00bb#ac8dc1&#8243; header_4_font_size=\u00bb15px\u00bb custom_padding=\u00bb|0px||||\u00bb global_colors_info=\u00bb{}\u00bb]<\/p>\n<p>Our Policy on the provision and management of Health Services aims to establish a business model, the central axis of which is the fulfilment of the expectations of our patients and other interested parties, under the criteria of<span>\u00a0<\/span><strong>efficiency and sustainability.<\/strong><span>\u00a0<\/span>The full<strong><span>\u00a0<\/span>satisfaction of the people we serve and our professionals<\/strong><span>\u00a0<\/span>is our top priority.<\/p>\n<p>In order to achieve this objective, in a market where the health needs of the population are increasing exponentially, our organisation assumes the responsibility of<span>\u00a0<\/span><strong>commitment to continual improvement of the management system<\/strong><span>\u00a0<\/span>At all levels, we set short, medium and long-term objectives and periodically establish, review and evaluate their fulfilment in order to progressively improve the indicators of our processes.<\/p>\n<p>&nbsp;<\/p>\n<p>The availability of the best technical means, a well-trained and highly qualified staff in all facets of service provision, together with a clear vocation and commitment to the<span>\u00a0<\/span><strong>commitment to excellence<\/strong>, the involvement of all staff and the full support of the organisation's management team are key factors in achieving the established objectives.<\/p>\n<p>We promote safe environments and processes to ensure the safety and security of the<span>\u00a0<\/span><strong>security<\/strong><span>\u00a0<\/span>of patients and other users, the prevention of possible harm to the professionals working in our centres, as well as the establishment of effective incident reporting mechanisms for analysis and prevention.<\/p>\n<p>We identify and assess legal and other subscribed requirements to ensure compliance, providing the necessary resources and support to implement and maintain a management system to ensure compliance with this policy.<\/p>\n<p>&nbsp;<\/p>\n<p>Commitment to our environment is also a fundamental part of the way we understand our business. The<span>\u00a0<\/span><strong>pollution prevention<\/strong>, The responsible and efficient use of the resources used in our activity, together with the minimisation of the waste generated, are aimed at the protection of the environment through the achievement of the principles of sustainable economy and environmental quality.<\/p>\n<p>The management team and all employees are aware of the objectives of the management system established by the Management and assume them in their daily work as a fundamental part of their commitment to the Organisation.<\/p>\n<p>[\/et_pb_text][\/et_pb_column][\/et_pb_row][\/et_pb_section].<\/p>","protected":false},"excerpt":{"rendered":"<p>GDPR Pol\u00edtica del sistema de gesti\u00f3nNuestra Pol\u00edtica en la prestaci\u00f3n y gesti\u00f3n de Servicios Sanitarios tiene como objetivo el establecimiento de un modelo de negocio, que como eje central establece el cumplimiento de las expectativas de nuestros pacientes y dem\u00e1s partes interesadas, bajo criterios de\u00a0eficiencia y sostenibilidad.\u00a0La plena\u00a0satisfacci\u00f3n de las personas que atendemos y nuestros [&hellip;]<\/p>","protected":false},"author":1,"featured_media":286575,"parent":0,"menu_order":0,"comment_status":"closed","ping_status":"closed","template":"","meta":{"_et_pb_use_builder":"on","_et_pb_old_content":"","_et_gb_content_width":"","footnotes":""},"class_list":["post-286725","page","type-page","status-publish","has-post-thumbnail","hentry"],"yoast_head":"<!-- This site is optimized with the Yoast SEO plugin v26.1.1 - https:\/\/yoast.com\/wordpress\/plugins\/seo\/ -->\n<title>Pol\u00edtica de sistema de gesti\u00f3n - Hospital Marbella<\/title>\n<meta name=\"description\" content=\"Pol\u00edtica de sistema de gesti\u00f3n establecemos la eficiencia en nuestros procesos para ofrecer un servicio seguro, innovador para el paciente.\" \/>\n<meta name=\"robots\" content=\"noindex, follow\" \/>\n<meta property=\"og:locale\" content=\"en_GB\" \/>\n<meta property=\"og:type\" content=\"article\" \/>\n<meta property=\"og:title\" content=\"Pol\u00edtica de sistema de gesti\u00f3n - Hospital Marbella\" \/>\n<meta property=\"og:description\" content=\"Pol\u00edtica de sistema de gesti\u00f3n establecemos la eficiencia en nuestros procesos para ofrecer un servicio seguro, innovador para el paciente.\" \/>\n<meta property=\"og:url\" content=\"https:\/\/recoletasmarbella.com\/en\/management-system-policy\/\" \/>\n<meta property=\"og:site_name\" content=\"Hospital Marbella\" \/>\n<meta property=\"article:publisher\" content=\"https:\/\/www.facebook.com\/people\/Recoletas-Salud-Marbella\/61573653462220\/\" \/>\n<meta property=\"article:modified_time\" content=\"2025-06-30T17:07:39+00:00\" \/>\n<meta property=\"og:image\" content=\"https:\/\/recoletasmarbella.com\/wp-content\/uploads\/2025\/02\/recoletasmarbella2-215.jpg\" \/>\n\t<meta property=\"og:image:width\" content=\"1600\" \/>\n\t<meta property=\"og:image:height\" content=\"1067\" \/>\n\t<meta property=\"og:image:type\" content=\"image\/jpeg\" \/>\n<meta name=\"twitter:card\" content=\"summary_large_image\" \/>\n<meta name=\"twitter:label1\" content=\"Estimated reading time\" \/>\n\t<meta name=\"twitter:data1\" content=\"2 minutes\" \/>\n<script type=\"application\/ld+json\" class=\"yoast-schema-graph\">{\"@context\":\"https:\/\/schema.org\",\"@graph\":[{\"@type\":\"WebPage\",\"@id\":\"https:\/\/recoletasmarbella.com\/es\/politica-de-sistema-de-gestion\/\",\"url\":\"https:\/\/recoletasmarbella.com\/es\/politica-de-sistema-de-gestion\/\",\"name\":\"Pol\u00edtica de sistema de gesti\u00f3n - Hospital Marbella\",\"isPartOf\":{\"@id\":\"https:\/\/recoletasmarbella.com\/es\/#website\"},\"primaryImageOfPage\":{\"@id\":\"https:\/\/recoletasmarbella.com\/es\/politica-de-sistema-de-gestion\/#primaryimage\"},\"image\":{\"@id\":\"https:\/\/recoletasmarbella.com\/es\/politica-de-sistema-de-gestion\/#primaryimage\"},\"thumbnailUrl\":\"https:\/\/recoletasmarbella.com\/wp-content\/uploads\/2025\/02\/recoletasmarbella2-215.jpg\",\"datePublished\":\"2025-03-07T12:17:18+00:00\",\"dateModified\":\"2025-06-30T17:07:39+00:00\",\"description\":\"Pol\u00edtica de sistema de gesti\u00f3n establecemos la eficiencia en nuestros procesos para ofrecer un servicio seguro, innovador para el paciente.\",\"breadcrumb\":{\"@id\":\"https:\/\/recoletasmarbella.com\/es\/politica-de-sistema-de-gestion\/#breadcrumb\"},\"inLanguage\":\"en-GB\",\"potentialAction\":[{\"@type\":\"ReadAction\",\"target\":[\"https:\/\/recoletasmarbella.com\/es\/politica-de-sistema-de-gestion\/\"]}]},{\"@type\":\"ImageObject\",\"inLanguage\":\"en-GB\",\"@id\":\"https:\/\/recoletasmarbella.com\/es\/politica-de-sistema-de-gestion\/#primaryimage\",\"url\":\"https:\/\/recoletasmarbella.com\/wp-content\/uploads\/2025\/02\/recoletasmarbella2-215.jpg\",\"contentUrl\":\"https:\/\/recoletasmarbella.com\/wp-content\/uploads\/2025\/02\/recoletasmarbella2-215.jpg\",\"width\":1600,\"height\":1067,\"caption\":\"Hospital Recoletas Salud Marbella\"},{\"@type\":\"BreadcrumbList\",\"@id\":\"https:\/\/recoletasmarbella.com\/es\/politica-de-sistema-de-gestion\/#breadcrumb\",\"itemListElement\":[{\"@type\":\"ListItem\",\"position\":1,\"name\":\"Portada\",\"item\":\"https:\/\/recoletasmarbella.com\/es\/\"},{\"@type\":\"ListItem\",\"position\":2,\"name\":\"Pol\u00edtica de sistema de gesti\u00f3n\"}]},{\"@type\":\"WebSite\",\"@id\":\"https:\/\/recoletasmarbella.com\/es\/#website\",\"url\":\"https:\/\/recoletasmarbella.com\/es\/\",\"name\":\"Hospital Recoletas Salud Marbella\",\"description\":\"Recoletas Salud\",\"publisher\":{\"@id\":\"https:\/\/recoletasmarbella.com\/es\/#organization\"},\"potentialAction\":[{\"@type\":\"SearchAction\",\"target\":{\"@type\":\"EntryPoint\",\"urlTemplate\":\"https:\/\/recoletasmarbella.com\/es\/?s={search_term_string}\"},\"query-input\":{\"@type\":\"PropertyValueSpecification\",\"valueRequired\":true,\"valueName\":\"search_term_string\"}}],\"inLanguage\":\"en-GB\"},{\"@type\":\"Organization\",\"@id\":\"https:\/\/recoletasmarbella.com\/es\/#organization\",\"name\":\"Grupo Recoletas\",\"url\":\"https:\/\/recoletasmarbella.com\/es\/\",\"logo\":{\"@type\":\"ImageObject\",\"inLanguage\":\"en-GB\",\"@id\":\"https:\/\/recoletasmarbella.com\/es\/#\/schema\/logo\/image\/\",\"url\":\"http:\/\/recoletasmarbella.com\/wp-content\/uploads\/2025\/01\/logo-v-hospital-marbella-1.png\",\"contentUrl\":\"http:\/\/recoletasmarbella.com\/wp-content\/uploads\/2025\/01\/logo-v-hospital-marbella-1.png\",\"width\":216,\"height\":164,\"caption\":\"Grupo Recoletas\"},\"image\":{\"@id\":\"https:\/\/recoletasmarbella.com\/es\/#\/schema\/logo\/image\/\"},\"sameAs\":[\"https:\/\/www.facebook.com\/people\/Recoletas-Salud-Marbella\/61573653462220\/\",\"https:\/\/www.instagram.com\/recoletassaludmarbella\/\",\"https:\/\/www.linkedin.com\/company\/recoletas-salud-marbella\",\"https:\/\/www.youtube.com\/@recoletassalud\"]}]}<\/script>\n<!-- \/ Yoast SEO plugin. -->","yoast_head_json":{"title":"Management system policy - Hospital Marbella","description":"Management system policy We establish efficiency in our processes in order to offer a safe, innovative service to the patient.","robots":{"index":"noindex","follow":"follow"},"og_locale":"en_GB","og_type":"article","og_title":"Pol\u00edtica de sistema de gesti\u00f3n - Hospital Marbella","og_description":"Pol\u00edtica de sistema de gesti\u00f3n establecemos la eficiencia en nuestros procesos para ofrecer un servicio seguro, innovador para el paciente.","og_url":"https:\/\/recoletasmarbella.com\/en\/management-system-policy\/","og_site_name":"Hospital Marbella","article_publisher":"https:\/\/www.facebook.com\/people\/Recoletas-Salud-Marbella\/61573653462220\/","article_modified_time":"2025-06-30T17:07:39+00:00","og_image":[{"width":1600,"height":1067,"url":"https:\/\/recoletasmarbella.com\/wp-content\/uploads\/2025\/02\/recoletasmarbella2-215.jpg","type":"image\/jpeg"}],"twitter_card":"summary_large_image","twitter_misc":{"Estimated reading time":"2 minutes"},"schema":{"@context":"https:\/\/schema.org","@graph":[{"@type":"WebPage","@id":"https:\/\/recoletasmarbella.com\/es\/politica-de-sistema-de-gestion\/","url":"https:\/\/recoletasmarbella.com\/es\/politica-de-sistema-de-gestion\/","name":"Management system policy - Hospital Marbella","isPartOf":{"@id":"https:\/\/recoletasmarbella.com\/es\/#website"},"primaryImageOfPage":{"@id":"https:\/\/recoletasmarbella.com\/es\/politica-de-sistema-de-gestion\/#primaryimage"},"image":{"@id":"https:\/\/recoletasmarbella.com\/es\/politica-de-sistema-de-gestion\/#primaryimage"},"thumbnailUrl":"https:\/\/recoletasmarbella.com\/wp-content\/uploads\/2025\/02\/recoletasmarbella2-215.jpg","datePublished":"2025-03-07T12:17:18+00:00","dateModified":"2025-06-30T17:07:39+00:00","description":"Management system policy We establish efficiency in our processes in order to offer a safe, innovative service to the patient.","breadcrumb":{"@id":"https:\/\/recoletasmarbella.com\/es\/politica-de-sistema-de-gestion\/#breadcrumb"},"inLanguage":"en-GB","potentialAction":[{"@type":"ReadAction","target":["https:\/\/recoletasmarbella.com\/es\/politica-de-sistema-de-gestion\/"]}]},{"@type":"ImageObject","inLanguage":"en-GB","@id":"https:\/\/recoletasmarbella.com\/es\/politica-de-sistema-de-gestion\/#primaryimage","url":"https:\/\/recoletasmarbella.com\/wp-content\/uploads\/2025\/02\/recoletasmarbella2-215.jpg","contentUrl":"https:\/\/recoletasmarbella.com\/wp-content\/uploads\/2025\/02\/recoletasmarbella2-215.jpg","width":1600,"height":1067,"caption":"Hospital Recoletas Salud Marbella"},{"@type":"BreadcrumbList","@id":"https:\/\/recoletasmarbella.com\/es\/politica-de-sistema-de-gestion\/#breadcrumb","itemListElement":[{"@type":"ListItem","position":1,"name":"Portada","item":"https:\/\/recoletasmarbella.com\/es\/"},{"@type":"ListItem","position":2,"name":"Pol\u00edtica de sistema de gesti\u00f3n"}]},{"@type":"WebSite","@id":"https:\/\/recoletasmarbella.com\/es\/#website","url":"https:\/\/recoletasmarbella.com\/es\/","name":"Hospital Recoletas Salud Marbella","description":"Salud Recoletas","publisher":{"@id":"https:\/\/recoletasmarbella.com\/es\/#organization"},"potentialAction":[{"@type":"SearchAction","target":{"@type":"EntryPoint","urlTemplate":"https:\/\/recoletasmarbella.com\/es\/?s={search_term_string}"},"query-input":{"@type":"PropertyValueSpecification","valueRequired":true,"valueName":"search_term_string"}}],"inLanguage":"en-GB"},{"@type":"Organization","@id":"https:\/\/recoletasmarbella.com\/es\/#organization","name":"Recoletas Group","url":"https:\/\/recoletasmarbella.com\/es\/","logo":{"@type":"ImageObject","inLanguage":"en-GB","@id":"https:\/\/recoletasmarbella.com\/es\/#\/schema\/logo\/image\/","url":"http:\/\/recoletasmarbella.com\/wp-content\/uploads\/2025\/01\/logo-v-hospital-marbella-1.png","contentUrl":"http:\/\/recoletasmarbella.com\/wp-content\/uploads\/2025\/01\/logo-v-hospital-marbella-1.png","width":216,"height":164,"caption":"Grupo Recoletas"},"image":{"@id":"https:\/\/recoletasmarbella.com\/es\/#\/schema\/logo\/image\/"},"sameAs":["https:\/\/www.facebook.com\/people\/Recoletas-Salud-Marbella\/61573653462220\/","https:\/\/www.instagram.com\/recoletassaludmarbella\/","https:\/\/www.linkedin.com\/company\/recoletas-salud-marbella","https:\/\/www.youtube.com\/@recoletassalud"]}]}},"_links":{"self":[{"href":"https:\/\/recoletasmarbella.com\/en\/wp-json\/wp\/v2\/pages\/286725","targetHints":{"allow":["GET"]}}],"collection":[{"href":"https:\/\/recoletasmarbella.com\/en\/wp-json\/wp\/v2\/pages"}],"about":[{"href":"https:\/\/recoletasmarbella.com\/en\/wp-json\/wp\/v2\/types\/page"}],"author":[{"embeddable":true,"href":"https:\/\/recoletasmarbella.com\/en\/wp-json\/wp\/v2\/users\/1"}],"replies":[{"embeddable":true,"href":"https:\/\/recoletasmarbella.com\/en\/wp-json\/wp\/v2\/comments?post=286725"}],"version-history":[{"count":11,"href":"https:\/\/recoletasmarbella.com\/en\/wp-json\/wp\/v2\/pages\/286725\/revisions"}],"predecessor-version":[{"id":291811,"href":"https:\/\/recoletasmarbella.com\/en\/wp-json\/wp\/v2\/pages\/286725\/revisions\/291811"}],"wp:featuredmedia":[{"embeddable":true,"href":"https:\/\/recoletasmarbella.com\/en\/wp-json\/wp\/v2\/media\/286575"}],"wp:attachment":[{"href":"https:\/\/recoletasmarbella.com\/en\/wp-json\/wp\/v2\/media?parent=286725"}],"curies":[{"name":"wp","href":"https:\/\/api.w.org\/{rel}","templated":true}]}}