{"id":286729,"date":"2025-03-07T12:20:58","date_gmt":"2025-03-07T12:20:58","guid":{"rendered":"https:\/\/recoletasmarbella.com\/?page_id=286729"},"modified":"2025-07-08T12:31:31","modified_gmt":"2025-07-08T12:31:31","slug":"compliance-policy","status":"publish","type":"page","link":"https:\/\/recoletasmarbella.com\/en\/compliance-policy\/","title":{"rendered":"Compliance policy"},"content":{"rendered":"<p>[et_pb_section fb_built=\u00bb1\u2033 _builder_version=\u00bb4.27.4\u2033 _module_preset=\u00bbdefault\u00bb background_color=\u00bb#F2F2F2\u2033 custom_padding=\u00bb21px||24px|||\u00bb global_colors_info=\u00bb{}\u00bb][et_pb_row _builder_version=\u00bb4.27.4\u2033 _module_preset=\u00bbdefault\u00bb global_colors_info=\u00bb{}\u00bb][et_pb_column type=\u00bb4_4\u2033 _builder_version=\u00bb4.27.4\u2033 _module_preset=\u00bbdefault\u00bb global_colors_info=\u00bb{}\u00bb][et_pb_text _builder_version=\u00bb4.27.4\u2033 _module_preset=\u00bbb20293d3-7e7e-4718-8a41-9d40e20be87b\u00bb header_2_font=\u00bb\u2013et_global_heading_font|800||on|||||\u00bb header_2_font_size=\u00bb31px\u00bb header_2_letter_spacing=\u00bb0px\u00bb header_2_line_height=\u00bb1em\u00bb header_4_text_color=\u00bb#C7A3DE\u00bb max_width=\u00bb379px\u00bb max_width_tablet=\u00bb379px\u00bb max_width_phone=\u00bb266px\u00bb max_width_last_edited=\u00bbon|phone\u00bb module_alignment=\u00bbcenter\u00bb custom_padding=\u00bb|30px||30px|false|true\u00bb hover_enabled=\u00bb0\u2033 border_width_right=\u00bb2px\u00bb border_color_right=\u00bb#C7A3DE\u00bb border_width_left=\u00bb2px\u00bb border_color_left=\u00bb#C7A3DE\u00bb locked=\u00bboff\u00bb global_colors_info=\u00bb{}\u00bb sticky_enabled=\u00bb0\u2033]<\/p>\n<h3 style=\"text-align: center;\">GDPR<\/h3>\n<h2 style=\"text-align: center;\">Compliance Policy<\/h2>\n<p>[\/et_pb_text][\/et_pb_column][\/et_pb_row][\/et_pb_section][et_pb_section fb_built=\u00bb1\u2033 _builder_version=\u00bb4.27.4\u2033 _module_preset=\u00bbdefault\u00bb global_colors_info=\u00bb{}\u00bb][et_pb_row _builder_version=\u00bb4.27.4\u2033 _module_preset=\u00bbdefault\u00bb global_colors_info=\u00bb{}\u00bb][et_pb_column type=\u00bb4_4\u2033 _builder_version=\u00bb4.27.4\u2033 _module_preset=\u00bbdefault\u00bb global_colors_info=\u00bb{}\u00bb][et_pb_text _builder_version=\u00bb4.27.4\u2033 _module_preset=\u00bbdefault\u00bb header_2_font_size=\u00bb28px\u00bb header_3_font_size=\u00bb17px\u00bb header_3_line_height=\u00bb2.2em\u00bb header_4_text_color=\u00bb#ac8dc1\u2033 header_4_font_size=\u00bb15px\u00bb custom_padding=\u00bb|0px||0px|false|true\u00bb global_colors_info=\u00bb{}\u00bb]<\/p>\n<p style=\"text-align: justify;\">The<span>\u00a0<\/span><strong>Compliance Policy<\/strong><span>\u00a0<\/span>of<strong><span>\u00a0<\/span>Recoletas Group<\/strong><span>\u00a0<\/span>expresses its commitment to the<span>\u00a0<\/span><strong>Strict compliance with the laws and regulations in force<\/strong>. The commission of criminal and irregular acts is prohibited, identifying the activities within the scope of which offences may be committed that must be foreseen.<\/p>\n<p style=\"text-align: justify;\"><strong>Both the management and employees of the Recoletas Group<\/strong><span>\u00a0<\/span>are aware of the objectives established in relation to the Compliance Policy and assume them in their daily work, so as to minimise the organisation's exposure to the risk of non-compliance.<\/p>\n<p style=\"text-align: justify;\">The Recoletas Group's Compliance Policy aims, through the policies, procedures and other tools that comprise it, to create, promote and maintain an<span>\u00a0<\/span><strong>culture of good practice and business ethics<\/strong><span>\u00a0<\/span>that is consistent with the aims of the organisation. The Policy is developed with reference to the<span>\u00a0<\/span><strong>principles and values that characterise Grupo Recoletas<\/strong>.<\/p>\n<p>[\/et_pb_text][et_pb_text _builder_version=\u00bb4.27.4\u2033 _module_preset=\u00bbdefault\u00bb header_2_font_size=\u00bb28px\u00bb header_3_font_size=\u00bb17px\u00bb header_3_line_height=\u00bb2.2em\u00bb header_4_text_color=\u00bb#ac8dc1\u2033 header_4_font_size=\u00bb15px\u00bb custom_padding=\u00bb|0px||0px|false|true\u00bb global_colors_info=\u00bb{}\u00bb]<\/p>\n<p style=\"text-align: justify;\">As a central element, Grupo Recoletas has a<span>\u00a0<\/span><a href=\"https:\/\/lomasrecoletas.com\/wp-content\/uploads\/2024\/11\/v2-Codigo_etico-RECOLETAS_SALUD-rev11_2024-1.pdf\" target=\"_blank\" rel=\"noopener\"><strong>Code of Ethics<\/strong><\/a>The aim is to guide the activities of the Group's members, so that they identify the company's principles and values as their own, and compliance with them is mandatory.<\/p>\n<p style=\"text-align: justify;\">In order to ensure the proper functioning of the Compliance Policy, the Recoletas Group has a<span>\u00a0<\/span><strong>Compliance Committee<\/strong>. This Committee, endowed with independence and authority, is available to respond to any queries that may arise in relation to regulatory compliance, and is in charge of managing the Ethics Channel, being responsible for the Group's internal information system.<\/p>\n<p style=\"text-align: justify;\">Through the<span>\u00a0<\/span><a href=\"https:\/\/whistleblowersoftware.com\/secure\/canaleticorecoletas\" target=\"_blank\" rel=\"noopener\"><strong>Ethical Channel<\/strong><\/a>, The tool is configured on the basis of the<span>\u00a0<\/span><em>Directive (EU) 2019\/1937 of the European Parliament and of the Council of 23 October 2019 on the protection of persons reporting breaches of Union law<\/em>as well as in the<span>\u00a0<\/span><em>Law 2\/2023 of 20 February on the protection of persons who report regulatory offences and the fight against corruption<\/em>through which communications may be made regarding possible irregular conduct that may be taking place and of which they are aware.<\/p>\n<p style=\"text-align: justify;\">Anonymity and the principle of non-reprisals against whistleblowers as well as the presumption of innocence of the accused are guaranteed.<\/p>\n<p style=\"text-align: justify;\">In order to facilitate understanding and knowledge of the Compliance Programme, we carry out appropriate<span>\u00a0<\/span><strong>training sessions<\/strong><span>\u00a0<\/span>for Recoletas Group staff, depending on existing needs.<\/p>\n<p style=\"text-align: justify;\">Through all these elements, the Recoletas Group reflects its<span>\u00a0<\/span><strong>commitment to business ethics, transparency and good practice<\/strong>and the continuous improvement of its management systems.<\/p>\n<p>[\/et_pb_text][\/et_pb_column][\/et_pb_row][\/et_pb_section].<\/p>","protected":false},"excerpt":{"rendered":"<p>GDPR Commitment PolicyThe Recoletas Group's Compliance Policy expresses its commitment to strict compliance with the laws and regulations in force. It is forbidden to commit criminal and irregular acts, identifying the activities in whose scope the crimes that must be foreseen may be committed. Both the Management and the employees of the Recoletas Group are aware of the [...]<\/p>","protected":false},"author":1,"featured_media":286575,"parent":0,"menu_order":0,"comment_status":"closed","ping_status":"closed","template":"","meta":{"_et_pb_use_builder":"on","_et_pb_old_content":"","_et_gb_content_width":"","footnotes":""},"class_list":["post-286729","page","type-page","status-publish","has-post-thumbnail","hentry"],"yoast_head":"<!-- This site is optimized with the Yoast SEO plugin v26.1.1 - https:\/\/yoast.com\/wordpress\/plugins\/seo\/ -->\n<title>Pol\u00edtica de compliance - Hospital Marbella<\/title>\n<meta name=\"description\" content=\"Pol\u00edtica de compliance cumplimos con la normativa legal y \u00e9tica en nuestras actividades, garantizando transparencia e integridad en el sector\" \/>\n<meta name=\"robots\" content=\"noindex, nofollow\" \/>\n<meta property=\"og:locale\" content=\"en_GB\" \/>\n<meta property=\"og:type\" content=\"article\" \/>\n<meta property=\"og:title\" content=\"Pol\u00edtica de compliance - Hospital Marbella\" \/>\n<meta property=\"og:description\" content=\"Pol\u00edtica de compliance cumplimos con la normativa legal y \u00e9tica en nuestras actividades, garantizando transparencia e integridad en el sector\" \/>\n<meta property=\"og:url\" content=\"https:\/\/recoletasmarbella.com\/en\/compliance-policy\/\" \/>\n<meta property=\"og:site_name\" content=\"Hospital Marbella\" \/>\n<meta property=\"article:publisher\" content=\"https:\/\/www.facebook.com\/people\/Recoletas-Salud-Marbella\/61573653462220\/\" \/>\n<meta property=\"article:modified_time\" content=\"2025-07-08T12:31:31+00:00\" \/>\n<meta property=\"og:image\" content=\"https:\/\/recoletasmarbella.com\/wp-content\/uploads\/2025\/02\/recoletasmarbella2-215.jpg\" \/>\n\t<meta property=\"og:image:width\" content=\"1600\" \/>\n\t<meta property=\"og:image:height\" content=\"1067\" \/>\n\t<meta property=\"og:image:type\" content=\"image\/jpeg\" \/>\n<meta name=\"twitter:card\" content=\"summary_large_image\" \/>\n<meta name=\"twitter:label1\" content=\"Estimated reading time\" \/>\n\t<meta name=\"twitter:data1\" content=\"3 minutes\" \/>\n<script type=\"application\/ld+json\" class=\"yoast-schema-graph\">{\"@context\":\"https:\/\/schema.org\",\"@graph\":[{\"@type\":\"WebPage\",\"@id\":\"https:\/\/recoletasmarbella.com\/fr\/politique-de-conformite\/\",\"url\":\"https:\/\/recoletasmarbella.com\/fr\/politique-de-conformite\/\",\"name\":\"Pol\u00edtica de compliance - Hospital Marbella\",\"isPartOf\":{\"@id\":\"https:\/\/recoletasmarbella.com\/es\/#website\"},\"primaryImageOfPage\":{\"@id\":\"https:\/\/recoletasmarbella.com\/fr\/politique-de-conformite\/#primaryimage\"},\"image\":{\"@id\":\"https:\/\/recoletasmarbella.com\/fr\/politique-de-conformite\/#primaryimage\"},\"thumbnailUrl\":\"https:\/\/recoletasmarbella.com\/wp-content\/uploads\/2025\/02\/recoletasmarbella2-215.jpg\",\"datePublished\":\"2025-03-07T12:20:58+00:00\",\"dateModified\":\"2025-07-08T12:31:31+00:00\",\"description\":\"Pol\u00edtica de compliance cumplimos con la normativa legal y \u00e9tica en nuestras actividades, garantizando transparencia e integridad en el sector\",\"breadcrumb\":{\"@id\":\"https:\/\/recoletasmarbella.com\/fr\/politique-de-conformite\/#breadcrumb\"},\"inLanguage\":\"en-GB\",\"potentialAction\":[{\"@type\":\"ReadAction\",\"target\":[\"https:\/\/recoletasmarbella.com\/fr\/politique-de-conformite\/\"]}]},{\"@type\":\"ImageObject\",\"inLanguage\":\"en-GB\",\"@id\":\"https:\/\/recoletasmarbella.com\/fr\/politique-de-conformite\/#primaryimage\",\"url\":\"https:\/\/recoletasmarbella.com\/wp-content\/uploads\/2025\/02\/recoletasmarbella2-215.jpg\",\"contentUrl\":\"https:\/\/recoletasmarbella.com\/wp-content\/uploads\/2025\/02\/recoletasmarbella2-215.jpg\",\"width\":1600,\"height\":1067,\"caption\":\"Hospital Recoletas Salud Marbella\"},{\"@type\":\"BreadcrumbList\",\"@id\":\"https:\/\/recoletasmarbella.com\/fr\/politique-de-conformite\/#breadcrumb\",\"itemListElement\":[{\"@type\":\"ListItem\",\"position\":1,\"name\":\"Portada\",\"item\":\"https:\/\/recoletasmarbella.com\/es\/\"},{\"@type\":\"ListItem\",\"position\":2,\"name\":\"Pol\u00edtica de compliance\"}]},{\"@type\":\"WebSite\",\"@id\":\"https:\/\/recoletasmarbella.com\/es\/#website\",\"url\":\"https:\/\/recoletasmarbella.com\/es\/\",\"name\":\"Hospital Recoletas Salud Marbella\",\"description\":\"Recoletas Salud\",\"publisher\":{\"@id\":\"https:\/\/recoletasmarbella.com\/es\/#organization\"},\"potentialAction\":[{\"@type\":\"SearchAction\",\"target\":{\"@type\":\"EntryPoint\",\"urlTemplate\":\"https:\/\/recoletasmarbella.com\/es\/?s={search_term_string}\"},\"query-input\":{\"@type\":\"PropertyValueSpecification\",\"valueRequired\":true,\"valueName\":\"search_term_string\"}}],\"inLanguage\":\"en-GB\"},{\"@type\":\"Organization\",\"@id\":\"https:\/\/recoletasmarbella.com\/es\/#organization\",\"name\":\"Grupo Recoletas\",\"url\":\"https:\/\/recoletasmarbella.com\/es\/\",\"logo\":{\"@type\":\"ImageObject\",\"inLanguage\":\"en-GB\",\"@id\":\"https:\/\/recoletasmarbella.com\/es\/#\/schema\/logo\/image\/\",\"url\":\"http:\/\/recoletasmarbella.com\/wp-content\/uploads\/2025\/01\/logo-v-hospital-marbella-1.png\",\"contentUrl\":\"http:\/\/recoletasmarbella.com\/wp-content\/uploads\/2025\/01\/logo-v-hospital-marbella-1.png\",\"width\":216,\"height\":164,\"caption\":\"Grupo Recoletas\"},\"image\":{\"@id\":\"https:\/\/recoletasmarbella.com\/es\/#\/schema\/logo\/image\/\"},\"sameAs\":[\"https:\/\/www.facebook.com\/people\/Recoletas-Salud-Marbella\/61573653462220\/\",\"https:\/\/www.instagram.com\/recoletassaludmarbella\/\",\"https:\/\/www.linkedin.com\/company\/recoletas-salud-marbella\",\"https:\/\/www.youtube.com\/@recoletassalud\"]}]}<\/script>\n<!-- \/ Yoast SEO plugin. -->","yoast_head_json":{"title":"Compliance policy - Hospital Marbella","description":"Compliance policy We comply with legal and ethical regulations in our activities, guaranteeing transparency and integrity in the sector.","robots":{"index":"noindex","follow":"nofollow"},"og_locale":"en_GB","og_type":"article","og_title":"Pol\u00edtica de compliance - Hospital Marbella","og_description":"Pol\u00edtica de compliance cumplimos con la normativa legal y \u00e9tica en nuestras actividades, garantizando transparencia e integridad en el sector","og_url":"https:\/\/recoletasmarbella.com\/en\/compliance-policy\/","og_site_name":"Hospital Marbella","article_publisher":"https:\/\/www.facebook.com\/people\/Recoletas-Salud-Marbella\/61573653462220\/","article_modified_time":"2025-07-08T12:31:31+00:00","og_image":[{"width":1600,"height":1067,"url":"https:\/\/recoletasmarbella.com\/wp-content\/uploads\/2025\/02\/recoletasmarbella2-215.jpg","type":"image\/jpeg"}],"twitter_card":"summary_large_image","twitter_misc":{"Estimated reading time":"3 minutes"},"schema":{"@context":"https:\/\/schema.org","@graph":[{"@type":"WebPage","@id":"https:\/\/recoletasmarbella.com\/fr\/politique-de-conformite\/","url":"https:\/\/recoletasmarbella.com\/fr\/politique-de-conformite\/","name":"Compliance policy - Hospital Marbella","isPartOf":{"@id":"https:\/\/recoletasmarbella.com\/es\/#website"},"primaryImageOfPage":{"@id":"https:\/\/recoletasmarbella.com\/fr\/politique-de-conformite\/#primaryimage"},"image":{"@id":"https:\/\/recoletasmarbella.com\/fr\/politique-de-conformite\/#primaryimage"},"thumbnailUrl":"https:\/\/recoletasmarbella.com\/wp-content\/uploads\/2025\/02\/recoletasmarbella2-215.jpg","datePublished":"2025-03-07T12:20:58+00:00","dateModified":"2025-07-08T12:31:31+00:00","description":"Compliance policy We comply with legal and ethical regulations in our activities, guaranteeing transparency and integrity in the sector.","breadcrumb":{"@id":"https:\/\/recoletasmarbella.com\/fr\/politique-de-conformite\/#breadcrumb"},"inLanguage":"en-GB","potentialAction":[{"@type":"ReadAction","target":["https:\/\/recoletasmarbella.com\/fr\/politique-de-conformite\/"]}]},{"@type":"ImageObject","inLanguage":"en-GB","@id":"https:\/\/recoletasmarbella.com\/fr\/politique-de-conformite\/#primaryimage","url":"https:\/\/recoletasmarbella.com\/wp-content\/uploads\/2025\/02\/recoletasmarbella2-215.jpg","contentUrl":"https:\/\/recoletasmarbella.com\/wp-content\/uploads\/2025\/02\/recoletasmarbella2-215.jpg","width":1600,"height":1067,"caption":"Hospital Recoletas Salud Marbella"},{"@type":"BreadcrumbList","@id":"https:\/\/recoletasmarbella.com\/fr\/politique-de-conformite\/#breadcrumb","itemListElement":[{"@type":"ListItem","position":1,"name":"Portada","item":"https:\/\/recoletasmarbella.com\/es\/"},{"@type":"ListItem","position":2,"name":"Pol\u00edtica de compliance"}]},{"@type":"WebSite","@id":"https:\/\/recoletasmarbella.com\/es\/#website","url":"https:\/\/recoletasmarbella.com\/es\/","name":"Hospital Recoletas Salud Marbella","description":"Salud Recoletas","publisher":{"@id":"https:\/\/recoletasmarbella.com\/es\/#organization"},"potentialAction":[{"@type":"SearchAction","target":{"@type":"EntryPoint","urlTemplate":"https:\/\/recoletasmarbella.com\/es\/?s={search_term_string}"},"query-input":{"@type":"PropertyValueSpecification","valueRequired":true,"valueName":"search_term_string"}}],"inLanguage":"en-GB"},{"@type":"Organization","@id":"https:\/\/recoletasmarbella.com\/es\/#organization","name":"Recoletas Group","url":"https:\/\/recoletasmarbella.com\/es\/","logo":{"@type":"ImageObject","inLanguage":"en-GB","@id":"https:\/\/recoletasmarbella.com\/es\/#\/schema\/logo\/image\/","url":"http:\/\/recoletasmarbella.com\/wp-content\/uploads\/2025\/01\/logo-v-hospital-marbella-1.png","contentUrl":"http:\/\/recoletasmarbella.com\/wp-content\/uploads\/2025\/01\/logo-v-hospital-marbella-1.png","width":216,"height":164,"caption":"Grupo Recoletas"},"image":{"@id":"https:\/\/recoletasmarbella.com\/es\/#\/schema\/logo\/image\/"},"sameAs":["https:\/\/www.facebook.com\/people\/Recoletas-Salud-Marbella\/61573653462220\/","https:\/\/www.instagram.com\/recoletassaludmarbella\/","https:\/\/www.linkedin.com\/company\/recoletas-salud-marbella","https:\/\/www.youtube.com\/@recoletassalud"]}]}},"_links":{"self":[{"href":"https:\/\/recoletasmarbella.com\/en\/wp-json\/wp\/v2\/pages\/286729","targetHints":{"allow":["GET"]}}],"collection":[{"href":"https:\/\/recoletasmarbella.com\/en\/wp-json\/wp\/v2\/pages"}],"about":[{"href":"https:\/\/recoletasmarbella.com\/en\/wp-json\/wp\/v2\/types\/page"}],"author":[{"embeddable":true,"href":"https:\/\/recoletasmarbella.com\/en\/wp-json\/wp\/v2\/users\/1"}],"replies":[{"embeddable":true,"href":"https:\/\/recoletasmarbella.com\/en\/wp-json\/wp\/v2\/comments?post=286729"}],"version-history":[{"count":7,"href":"https:\/\/recoletasmarbella.com\/en\/wp-json\/wp\/v2\/pages\/286729\/revisions"}],"predecessor-version":[{"id":291913,"href":"https:\/\/recoletasmarbella.com\/en\/wp-json\/wp\/v2\/pages\/286729\/revisions\/291913"}],"wp:featuredmedia":[{"embeddable":true,"href":"https:\/\/recoletasmarbella.com\/en\/wp-json\/wp\/v2\/media\/286575"}],"wp:attachment":[{"href":"https:\/\/recoletasmarbella.com\/en\/wp-json\/wp\/v2\/media?parent=286729"}],"curies":[{"name":"wp","href":"https:\/\/api.w.org\/{rel}","templated":true}]}}