{"id":286729,"date":"2025-03-07T12:20:58","date_gmt":"2025-03-07T12:20:58","guid":{"rendered":"https:\/\/recoletasmarbella.com\/?page_id=286729"},"modified":"2025-07-08T12:31:31","modified_gmt":"2025-07-08T12:31:31","slug":"politica-de-compliance","status":"publish","type":"page","link":"https:\/\/recoletasmarbella.com\/es\/politica-de-compliance\/","title":{"rendered":"Pol\u00edtica de compliance"},"content":{"rendered":"<p>[et_pb_section fb_built=\u00bb1&#8243; _builder_version=\u00bb4.27.4&#8243; _module_preset=\u00bbdefault\u00bb background_color=\u00bb#F2F2F2&#8243; custom_padding=\u00bb21px||24px|||\u00bb global_colors_info=\u00bb{}\u00bb][et_pb_row _builder_version=\u00bb4.27.4&#8243; _module_preset=\u00bbdefault\u00bb global_colors_info=\u00bb{}\u00bb][et_pb_column type=\u00bb4_4&#8243; _builder_version=\u00bb4.27.4&#8243; _module_preset=\u00bbdefault\u00bb global_colors_info=\u00bb{}\u00bb][et_pb_text _builder_version=\u00bb4.27.4&#8243; _module_preset=\u00bbb20293d3-7e7e-4718-8a41-9d40e20be87b\u00bb header_2_font=\u00bb&#8211;et_global_heading_font|800||on|||||\u00bb header_2_font_size=\u00bb31px\u00bb header_2_letter_spacing=\u00bb0px\u00bb header_2_line_height=\u00bb1em\u00bb header_4_text_color=\u00bb#C7A3DE\u00bb max_width=\u00bb379px\u00bb max_width_tablet=\u00bb379px\u00bb max_width_phone=\u00bb266px\u00bb max_width_last_edited=\u00bbon|phone\u00bb module_alignment=\u00bbcenter\u00bb custom_padding=\u00bb|30px||30px|false|true\u00bb hover_enabled=\u00bb0&#8243; border_width_right=\u00bb2px\u00bb border_color_right=\u00bb#C7A3DE\u00bb border_width_left=\u00bb2px\u00bb border_color_left=\u00bb#C7A3DE\u00bb locked=\u00bboff\u00bb global_colors_info=\u00bb{}\u00bb sticky_enabled=\u00bb0&#8243;]<\/p>\n<h3 style=\"text-align: center;\">GDPR<\/h3>\n<h2 style=\"text-align: center;\">Pol\u00edtica de Compromiso<\/h2>\n<p>[\/et_pb_text][\/et_pb_column][\/et_pb_row][\/et_pb_section][et_pb_section fb_built=\u00bb1&#8243; _builder_version=\u00bb4.27.4&#8243; _module_preset=\u00bbdefault\u00bb global_colors_info=\u00bb{}\u00bb][et_pb_row _builder_version=\u00bb4.27.4&#8243; _module_preset=\u00bbdefault\u00bb global_colors_info=\u00bb{}\u00bb][et_pb_column type=\u00bb4_4&#8243; _builder_version=\u00bb4.27.4&#8243; _module_preset=\u00bbdefault\u00bb global_colors_info=\u00bb{}\u00bb][et_pb_text _builder_version=\u00bb4.27.4&#8243; _module_preset=\u00bbdefault\u00bb header_2_font_size=\u00bb28px\u00bb header_3_font_size=\u00bb17px\u00bb header_3_line_height=\u00bb2.2em\u00bb header_4_text_color=\u00bb#ac8dc1&#8243; header_4_font_size=\u00bb15px\u00bb custom_padding=\u00bb|0px||0px|false|true\u00bb global_colors_info=\u00bb{}\u00bb]<\/p>\n<p style=\"text-align: justify;\">La<span>\u00a0<\/span><strong>Pol\u00edtica de Compliance<\/strong><span>\u00a0<\/span>de<strong><span>\u00a0<\/span>Grupo Recoletas<\/strong><span>\u00a0<\/span>expresa su compromiso con el<span>\u00a0<\/span><strong>estricto cumplimiento de las leyes y la normativa en vigor<\/strong>. Queda prohibida la comisi\u00f3n de actos delictivos e irregulares, identific\u00e1ndose las actividades en cuyo \u00e1mbito puedan ser cometidos los delitos que deben ser previstos.<\/p>\n<p style=\"text-align: justify;\"><strong>Tanto la Direcci\u00f3n como los empleados de Grupo Recoletas<\/strong><span>\u00a0<\/span>son conocedores de los objetivos establecidos en relaci\u00f3n a la Pol\u00edtica de Compliance y los asumen en su trabajo diario, de manera que se minimice la exposici\u00f3n de la organizaci\u00f3n al riesgo de incumplimiento.<\/p>\n<p style=\"text-align: justify;\">La Pol\u00edtica de Compliance de Grupo Recoletas persigue, mediante las pol\u00edticas, procedimientos y otras herramientas que lo integran, crear, impulsar y mantener una<span>\u00a0<\/span><strong>cultura de buenas pr\u00e1cticas y \u00e9tica empresarial<\/strong><span>\u00a0<\/span>que sea congruente con los fines de la organizaci\u00f3n. La Pol\u00edtica se desarrolla tomando como referencia los<span>\u00a0<\/span><strong>principios y valores que caracterizan a Grupo Recoletas<\/strong>.<\/p>\n<p>[\/et_pb_text][et_pb_text _builder_version=\u00bb4.27.4&#8243; _module_preset=\u00bbdefault\u00bb header_2_font_size=\u00bb28px\u00bb header_3_font_size=\u00bb17px\u00bb header_3_line_height=\u00bb2.2em\u00bb header_4_text_color=\u00bb#ac8dc1&#8243; header_4_font_size=\u00bb15px\u00bb custom_padding=\u00bb|0px||0px|false|true\u00bb global_colors_info=\u00bb{}\u00bb]<\/p>\n<p style=\"text-align: justify;\">Como elemento central Grupo Recoletas tiene un<span>\u00a0<\/span><a href=\"https:\/\/lomasrecoletas.com\/wp-content\/uploads\/2024\/11\/v2-Codigo_etico-RECOLETAS_SALUD-rev11_2024-1.pdf\" target=\"_blank\" rel=\"noopener\"><strong>C\u00f3digo \u00c9tico<\/strong><\/a>, con el que se busca guiar la actividad de los integrantes del Grupo, para que identifiquen como propios los principios y valores de la compa\u00f1\u00eda, siendo su cumplimiento obligatorio.<\/p>\n<p style=\"text-align: justify;\">Con el fin de asegurar el buen funcionamiento de la Pol\u00edtica de Compliance, Grupo Recoletas est\u00e1 dotado de un<span>\u00a0<\/span><strong>Comit\u00e9 de Cumplimiento<\/strong>. Este Comit\u00e9, dotado de independencia y autoridad, est\u00e1 a disposici\u00f3n para dar respuesta a las consultas que pudieran surgir en relaci\u00f3n al cumplimiento normativo, as\u00ed como se encarga de la gesti\u00f3n del Canal \u00c9tico, siendo responsable del sistema interno de Informaci\u00f3n del Grupo.<\/p>\n<p style=\"text-align: justify;\">A trav\u00e9s del<span>\u00a0<\/span><a href=\"https:\/\/whistleblowersoftware.com\/secure\/canaleticorecoletas\" target=\"_blank\" rel=\"noopener\"><strong>Canal \u00c9tico<\/strong><\/a>, se configura la herramienta fundamentada en la<span>\u00a0<\/span><em>Directiva (UE) 2019\/1937 del Parlamento Europeo y del Consejo de 23 de octubre de 2019, relativa a la protecci\u00f3n de las personas que informen sobre infracciones del Derecho de la Uni\u00f3n<\/em>, as\u00ed como en la<span>\u00a0<\/span><em>Ley 2\/2023, de 20 de febrero, reguladora de la protecci\u00f3n de las personas que informen sobre infracciones normativas y de lucha contra la corrupci\u00f3n<\/em>, a trav\u00e9s del cual se podr\u00e1n realizar comunicaciones sobre posibles conductas irregulares que estuvieran teniendo lugar y de las cuales se tuviesen conocimiento.<\/p>\n<p style=\"text-align: justify;\">Se garantiza tanto la anonimidad y principio de no represalias respecto a los denunciantes, como la presunci\u00f3n de inocencia del denunciado.<\/p>\n<p style=\"text-align: justify;\">Para facilitar la comprensi\u00f3n y el conocimiento del Programa de Compliance, se llevan a cabo las oportunas<span>\u00a0<\/span><strong>sesiones formativas<\/strong><span>\u00a0<\/span>para el personal de Grupo Recoletas, en funci\u00f3n de las necesidades existentes.<\/p>\n<p style=\"text-align: justify;\">A trav\u00e9s de todos estos elementos, Grupo Recoletas refleja su<span>\u00a0<\/span><strong>compromiso con la \u00e9tica empresarial, la transparencia y las buenas pr\u00e1cticas<\/strong>, as\u00ed como con la mejora continua de sus sistemas de gesti\u00f3n.<\/p>\n<p>[\/et_pb_text][\/et_pb_column][\/et_pb_row][\/et_pb_section]<\/p>\n","protected":false},"excerpt":{"rendered":"<p>GDPR Pol\u00edtica de CompromisoLa\u00a0Pol\u00edtica de Compliance\u00a0de\u00a0Grupo Recoletas\u00a0expresa su compromiso con el\u00a0estricto cumplimiento de las leyes y la normativa en vigor. Queda prohibida la comisi\u00f3n de actos delictivos e irregulares, identific\u00e1ndose las actividades en cuyo \u00e1mbito puedan ser cometidos los delitos que deben ser previstos. Tanto la Direcci\u00f3n como los empleados de Grupo Recoletas\u00a0son conocedores de [&hellip;]<\/p>\n","protected":false},"author":1,"featured_media":286575,"parent":0,"menu_order":0,"comment_status":"closed","ping_status":"closed","template":"","meta":{"_et_pb_use_builder":"on","_et_pb_old_content":"","_et_gb_content_width":"","footnotes":""},"class_list":["post-286729","page","type-page","status-publish","has-post-thumbnail","hentry"],"yoast_head":"<!-- This site is optimized with the Yoast SEO plugin v26.1.1 - https:\/\/yoast.com\/wordpress\/plugins\/seo\/ -->\n<title>Pol\u00edtica de compliance - Hospital Marbella<\/title>\n<meta name=\"description\" content=\"Pol\u00edtica de compliance cumplimos con la normativa legal y \u00e9tica en nuestras actividades, garantizando transparencia e integridad en el sector\" \/>\n<meta name=\"robots\" content=\"noindex, nofollow\" \/>\n<meta property=\"og:locale\" content=\"es_ES\" \/>\n<meta property=\"og:type\" content=\"article\" \/>\n<meta property=\"og:title\" content=\"Pol\u00edtica de compliance - Hospital Marbella\" \/>\n<meta property=\"og:description\" content=\"Pol\u00edtica de compliance cumplimos con la normativa legal y \u00e9tica en nuestras actividades, garantizando transparencia e integridad en el sector\" \/>\n<meta property=\"og:url\" content=\"https:\/\/recoletasmarbella.com\/es\/politica-de-compliance\/\" \/>\n<meta property=\"og:site_name\" content=\"Hospital Marbella\" \/>\n<meta property=\"article:publisher\" content=\"https:\/\/www.facebook.com\/people\/Recoletas-Salud-Marbella\/61573653462220\/\" \/>\n<meta property=\"article:modified_time\" content=\"2025-07-08T12:31:31+00:00\" \/>\n<meta property=\"og:image\" content=\"https:\/\/recoletasmarbella.com\/wp-content\/uploads\/2025\/02\/recoletasmarbella2-215.jpg\" \/>\n\t<meta property=\"og:image:width\" content=\"1600\" \/>\n\t<meta property=\"og:image:height\" content=\"1067\" \/>\n\t<meta property=\"og:image:type\" content=\"image\/jpeg\" \/>\n<meta name=\"twitter:card\" content=\"summary_large_image\" \/>\n<meta name=\"twitter:label1\" content=\"Tiempo de lectura\" \/>\n\t<meta name=\"twitter:data1\" content=\"3 minutos\" \/>\n<script type=\"application\/ld+json\" class=\"yoast-schema-graph\">{\"@context\":\"https:\/\/schema.org\",\"@graph\":[{\"@type\":\"WebPage\",\"@id\":\"https:\/\/recoletasmarbella.com\/fr\/politique-de-conformite\/\",\"url\":\"https:\/\/recoletasmarbella.com\/fr\/politique-de-conformite\/\",\"name\":\"Pol\u00edtica de compliance - Hospital Marbella\",\"isPartOf\":{\"@id\":\"https:\/\/recoletasmarbella.com\/es\/#website\"},\"primaryImageOfPage\":{\"@id\":\"https:\/\/recoletasmarbella.com\/fr\/politique-de-conformite\/#primaryimage\"},\"image\":{\"@id\":\"https:\/\/recoletasmarbella.com\/fr\/politique-de-conformite\/#primaryimage\"},\"thumbnailUrl\":\"https:\/\/recoletasmarbella.com\/wp-content\/uploads\/2025\/02\/recoletasmarbella2-215.jpg\",\"datePublished\":\"2025-03-07T12:20:58+00:00\",\"dateModified\":\"2025-07-08T12:31:31+00:00\",\"description\":\"Pol\u00edtica de compliance cumplimos con la normativa legal y \u00e9tica en nuestras actividades, garantizando transparencia e integridad en el sector\",\"breadcrumb\":{\"@id\":\"https:\/\/recoletasmarbella.com\/fr\/politique-de-conformite\/#breadcrumb\"},\"inLanguage\":\"es\",\"potentialAction\":[{\"@type\":\"ReadAction\",\"target\":[\"https:\/\/recoletasmarbella.com\/fr\/politique-de-conformite\/\"]}]},{\"@type\":\"ImageObject\",\"inLanguage\":\"es\",\"@id\":\"https:\/\/recoletasmarbella.com\/fr\/politique-de-conformite\/#primaryimage\",\"url\":\"https:\/\/recoletasmarbella.com\/wp-content\/uploads\/2025\/02\/recoletasmarbella2-215.jpg\",\"contentUrl\":\"https:\/\/recoletasmarbella.com\/wp-content\/uploads\/2025\/02\/recoletasmarbella2-215.jpg\",\"width\":1600,\"height\":1067,\"caption\":\"Hospital Recoletas Salud Marbella\"},{\"@type\":\"BreadcrumbList\",\"@id\":\"https:\/\/recoletasmarbella.com\/fr\/politique-de-conformite\/#breadcrumb\",\"itemListElement\":[{\"@type\":\"ListItem\",\"position\":1,\"name\":\"Portada\",\"item\":\"https:\/\/recoletasmarbella.com\/es\/\"},{\"@type\":\"ListItem\",\"position\":2,\"name\":\"Pol\u00edtica de compliance\"}]},{\"@type\":\"WebSite\",\"@id\":\"https:\/\/recoletasmarbella.com\/es\/#website\",\"url\":\"https:\/\/recoletasmarbella.com\/es\/\",\"name\":\"Hospital Recoletas Salud Marbella\",\"description\":\"Recoletas Salud\",\"publisher\":{\"@id\":\"https:\/\/recoletasmarbella.com\/es\/#organization\"},\"potentialAction\":[{\"@type\":\"SearchAction\",\"target\":{\"@type\":\"EntryPoint\",\"urlTemplate\":\"https:\/\/recoletasmarbella.com\/es\/?s={search_term_string}\"},\"query-input\":{\"@type\":\"PropertyValueSpecification\",\"valueRequired\":true,\"valueName\":\"search_term_string\"}}],\"inLanguage\":\"es\"},{\"@type\":\"Organization\",\"@id\":\"https:\/\/recoletasmarbella.com\/es\/#organization\",\"name\":\"Grupo Recoletas\",\"url\":\"https:\/\/recoletasmarbella.com\/es\/\",\"logo\":{\"@type\":\"ImageObject\",\"inLanguage\":\"es\",\"@id\":\"https:\/\/recoletasmarbella.com\/es\/#\/schema\/logo\/image\/\",\"url\":\"http:\/\/recoletasmarbella.com\/wp-content\/uploads\/2025\/01\/logo-v-hospital-marbella-1.png\",\"contentUrl\":\"http:\/\/recoletasmarbella.com\/wp-content\/uploads\/2025\/01\/logo-v-hospital-marbella-1.png\",\"width\":216,\"height\":164,\"caption\":\"Grupo Recoletas\"},\"image\":{\"@id\":\"https:\/\/recoletasmarbella.com\/es\/#\/schema\/logo\/image\/\"},\"sameAs\":[\"https:\/\/www.facebook.com\/people\/Recoletas-Salud-Marbella\/61573653462220\/\",\"https:\/\/www.instagram.com\/recoletassaludmarbella\/\",\"https:\/\/www.linkedin.com\/company\/recoletas-salud-marbella\",\"https:\/\/www.youtube.com\/@recoletassalud\"]}]}<\/script>\n<!-- \/ Yoast SEO plugin. -->","yoast_head_json":{"title":"Pol\u00edtica de compliance - Hospital Marbella","description":"Pol\u00edtica de compliance cumplimos con la normativa legal y \u00e9tica en nuestras actividades, garantizando transparencia e integridad en el sector","robots":{"index":"noindex","follow":"nofollow"},"og_locale":"es_ES","og_type":"article","og_title":"Pol\u00edtica de compliance - Hospital Marbella","og_description":"Pol\u00edtica de compliance cumplimos con la normativa legal y \u00e9tica en nuestras actividades, garantizando transparencia e integridad en el sector","og_url":"https:\/\/recoletasmarbella.com\/es\/politica-de-compliance\/","og_site_name":"Hospital Marbella","article_publisher":"https:\/\/www.facebook.com\/people\/Recoletas-Salud-Marbella\/61573653462220\/","article_modified_time":"2025-07-08T12:31:31+00:00","og_image":[{"width":1600,"height":1067,"url":"https:\/\/recoletasmarbella.com\/wp-content\/uploads\/2025\/02\/recoletasmarbella2-215.jpg","type":"image\/jpeg"}],"twitter_card":"summary_large_image","twitter_misc":{"Tiempo de lectura":"3 minutos"},"schema":{"@context":"https:\/\/schema.org","@graph":[{"@type":"WebPage","@id":"https:\/\/recoletasmarbella.com\/fr\/politique-de-conformite\/","url":"https:\/\/recoletasmarbella.com\/fr\/politique-de-conformite\/","name":"Pol\u00edtica de compliance - Hospital Marbella","isPartOf":{"@id":"https:\/\/recoletasmarbella.com\/es\/#website"},"primaryImageOfPage":{"@id":"https:\/\/recoletasmarbella.com\/fr\/politique-de-conformite\/#primaryimage"},"image":{"@id":"https:\/\/recoletasmarbella.com\/fr\/politique-de-conformite\/#primaryimage"},"thumbnailUrl":"https:\/\/recoletasmarbella.com\/wp-content\/uploads\/2025\/02\/recoletasmarbella2-215.jpg","datePublished":"2025-03-07T12:20:58+00:00","dateModified":"2025-07-08T12:31:31+00:00","description":"Pol\u00edtica de compliance cumplimos con la normativa legal y \u00e9tica en nuestras actividades, garantizando transparencia e integridad en el sector","breadcrumb":{"@id":"https:\/\/recoletasmarbella.com\/fr\/politique-de-conformite\/#breadcrumb"},"inLanguage":"es","potentialAction":[{"@type":"ReadAction","target":["https:\/\/recoletasmarbella.com\/fr\/politique-de-conformite\/"]}]},{"@type":"ImageObject","inLanguage":"es","@id":"https:\/\/recoletasmarbella.com\/fr\/politique-de-conformite\/#primaryimage","url":"https:\/\/recoletasmarbella.com\/wp-content\/uploads\/2025\/02\/recoletasmarbella2-215.jpg","contentUrl":"https:\/\/recoletasmarbella.com\/wp-content\/uploads\/2025\/02\/recoletasmarbella2-215.jpg","width":1600,"height":1067,"caption":"Hospital Recoletas Salud Marbella"},{"@type":"BreadcrumbList","@id":"https:\/\/recoletasmarbella.com\/fr\/politique-de-conformite\/#breadcrumb","itemListElement":[{"@type":"ListItem","position":1,"name":"Portada","item":"https:\/\/recoletasmarbella.com\/es\/"},{"@type":"ListItem","position":2,"name":"Pol\u00edtica de compliance"}]},{"@type":"WebSite","@id":"https:\/\/recoletasmarbella.com\/es\/#website","url":"https:\/\/recoletasmarbella.com\/es\/","name":"Hospital Recoletas Salud Marbella","description":"Recoletas Salud","publisher":{"@id":"https:\/\/recoletasmarbella.com\/es\/#organization"},"potentialAction":[{"@type":"SearchAction","target":{"@type":"EntryPoint","urlTemplate":"https:\/\/recoletasmarbella.com\/es\/?s={search_term_string}"},"query-input":{"@type":"PropertyValueSpecification","valueRequired":true,"valueName":"search_term_string"}}],"inLanguage":"es"},{"@type":"Organization","@id":"https:\/\/recoletasmarbella.com\/es\/#organization","name":"Grupo Recoletas","url":"https:\/\/recoletasmarbella.com\/es\/","logo":{"@type":"ImageObject","inLanguage":"es","@id":"https:\/\/recoletasmarbella.com\/es\/#\/schema\/logo\/image\/","url":"http:\/\/recoletasmarbella.com\/wp-content\/uploads\/2025\/01\/logo-v-hospital-marbella-1.png","contentUrl":"http:\/\/recoletasmarbella.com\/wp-content\/uploads\/2025\/01\/logo-v-hospital-marbella-1.png","width":216,"height":164,"caption":"Grupo Recoletas"},"image":{"@id":"https:\/\/recoletasmarbella.com\/es\/#\/schema\/logo\/image\/"},"sameAs":["https:\/\/www.facebook.com\/people\/Recoletas-Salud-Marbella\/61573653462220\/","https:\/\/www.instagram.com\/recoletassaludmarbella\/","https:\/\/www.linkedin.com\/company\/recoletas-salud-marbella","https:\/\/www.youtube.com\/@recoletassalud"]}]}},"_links":{"self":[{"href":"https:\/\/recoletasmarbella.com\/es\/wp-json\/wp\/v2\/pages\/286729","targetHints":{"allow":["GET"]}}],"collection":[{"href":"https:\/\/recoletasmarbella.com\/es\/wp-json\/wp\/v2\/pages"}],"about":[{"href":"https:\/\/recoletasmarbella.com\/es\/wp-json\/wp\/v2\/types\/page"}],"author":[{"embeddable":true,"href":"https:\/\/recoletasmarbella.com\/es\/wp-json\/wp\/v2\/users\/1"}],"replies":[{"embeddable":true,"href":"https:\/\/recoletasmarbella.com\/es\/wp-json\/wp\/v2\/comments?post=286729"}],"version-history":[{"count":7,"href":"https:\/\/recoletasmarbella.com\/es\/wp-json\/wp\/v2\/pages\/286729\/revisions"}],"predecessor-version":[{"id":291913,"href":"https:\/\/recoletasmarbella.com\/es\/wp-json\/wp\/v2\/pages\/286729\/revisions\/291913"}],"wp:featuredmedia":[{"embeddable":true,"href":"https:\/\/recoletasmarbella.com\/es\/wp-json\/wp\/v2\/media\/286575"}],"wp:attachment":[{"href":"https:\/\/recoletasmarbella.com\/es\/wp-json\/wp\/v2\/media?parent=286729"}],"curies":[{"name":"wp","href":"https:\/\/api.w.org\/{rel}","templated":true}]}}