{"id":292275,"date":"2025-12-19T10:43:21","date_gmt":"2025-12-19T10:43:21","guid":{"rendered":"https:\/\/recoletasmarbella.com\/?page_id=292275"},"modified":"2026-02-03T11:51:23","modified_gmt":"2026-02-03T11:51:23","slug":"canal-ethique","status":"publish","type":"page","link":"https:\/\/recoletasmarbella.com\/fr\/canal-ethique\/","title":{"rendered":"Fili\u00e8re \u00e9thique"},"content":{"rendered":"<p>[et_pb_section fb_built=\u00bb1&#8243; _builder_version=\u00bb4.27.4&#8243; _module_preset=\u00bbdefault\u00bb background_color=\u00bb#F2F2F2&#8243; custom_padding=\u00bb21px||24px|||\u00bb global_colors_info=\u00bb{}\u00bb][et_pb_row _builder_version=\u00bb4.27.4&#8243; _module_preset=\u00bbdefault\u00bb global_colors_info=\u00bb{}\u00bb][et_pb_column type=\u00bb4_4&#8243; _builder_version=\u00bb4.27.4&#8243; _module_preset=\u00bbdefault\u00bb global_colors_info=\u00bb{}\u00bb][et_pb_text _builder_version=\u00bb4.27.4&#8243; _module_preset=\u00bbb20293d3-7e7e-4718-8a41-9d40e20be87b\u00bb header_2_font=\u00bb&#8211;et_global_heading_font|800||on|||||\u00bb header_2_font_size=\u00bb31px\u00bb header_2_letter_spacing=\u00bb0px\u00bb header_2_line_height=\u00bb1em\u00bb header_4_text_color=\u00bb#C7A3DE\u00bb max_width=\u00bb379px\u00bb max_width_tablet=\u00bb379px\u00bb max_width_phone=\u00bb266px\u00bb max_width_last_edited=\u00bbon|phone\u00bb module_alignment=\u00bbcenter\u00bb custom_padding=\u00bb|30px||30px|false|true\u00bb border_width_right=\u00bb2px\u00bb border_color_right=\u00bb#C7A3DE\u00bb border_width_left=\u00bb2px\u00bb border_color_left=\u00bb#C7A3DE\u00bb locked=\u00bboff\u00bb global_colors_info=\u00bb{}\u00bb]<\/p>\n<h2 style=\"text-align: center;\">Canal ETHIQUE<\/h2>\n<p>[\/et_pb_text][\/et_pb_column][\/et_pb_row][\/et_pb_section][et_pb_section fb_built=\u00bb1&#8243; _builder_version=\u00bb4.27.4&#8243; _module_preset=\u00bbdefault\u00bb global_colors_info=\u00bb{}\u00bb][et_pb_row _builder_version=\u00bb4.27.4&#8243; _module_preset=\u00bbdefault\u00bb custom_padding=\u00bb34px|||||\u00bb border_color_all=\u00bbRGBA(255,255,255,0)\u00bb global_colors_info=\u00bb{}\u00bb][et_pb_column type=\u00bb4_4&#8243; _builder_version=\u00bb4.27.4&#8243; _module_preset=\u00bbdefault\u00bb border_color_all=\u00bbRGBA(255,255,255,0)\u00bb global_colors_info=\u00bb{}\u00bb][et_pb_text _builder_version=\u00bb4.27.4&#8243; _module_preset=\u00bbdefault\u00bb link_font=\u00bb|700|||||||\u00bb link_text_color=\u00bb#ad8dc1&#8243; header_2_font=\u00bb&#8211;et_global_heading_font|600||on|||||\u00bb header_2_text_color=\u00bb#617179&#8243; header_2_font_size=\u00bb20px\u00bb header_2_line_height=\u00bb1.5em\u00bb header_3_font=\u00bb&#8211;et_global_heading_font|500|||||||\u00bb header_3_text_align=\u00bbjustify\u00bb header_3_font_size=\u00bb16px\u00bb header_3_letter_spacing=\u00bb0px\u00bb header_3_line_height=\u00bb1.1em\u00bb custom_margin=\u00bb|0px||0px|false|false\u00bb custom_margin_tablet=\u00bb|0px||0px|false|false\u00bb custom_margin_phone=\u00bb|0px||0px|false|false\u00bb custom_margin_last_edited=\u00bbon|desktop\u00bb custom_padding=\u00bb|0px||0px|false|true\u00bb border_color_all=\u00bbRGBA(255,255,255,0)\u00bb border_color_top=\u00bbRGBA(255,255,255,0)\u00bb border_color_right=\u00bbRGBA(255,255,255,0)\u00bb border_color_bottom=\u00bbRGBA(255,255,255,0)\u00bb border_color_left=\u00bbRGBA(255,255,255,0)\u00bb global_colors_info=\u00bb{}\u00bb]<\/p>\n<div>\n<h3>Recoletas Salud s'engage \u00e0 respecter strictement les lois et r\u00e9glementations en vigueur, par le biais de sa politique de conformit\u00e9, interdisant la commission d'actes criminels et irr\u00e9guliers.<\/h3>\n<p>&nbsp;<\/p>\n<p>Par cons\u00e9quent, par le biais d'un <a href=\"https:\/\/www.gruporecoletas.com\/docs\/codigo-etico-recoletas-salud.pdf\">Code de d\u00e9ontologie<\/a>L'objectif est d'\u00e9tablir les principes et les valeurs qui doivent inspirer et r\u00e9gir le d\u00e9veloppement des activit\u00e9s et des relations entretenues par Recoletas Salud, y compris tous les membres du groupe et tous les tiers qui lui sont li\u00e9s, et le respect de ces principes et valeurs est obligatoire.<\/p>\n<p>La direction de Recoletas Salud a nomm\u00e9 un comit\u00e9 de conformit\u00e9, dot\u00e9 d'ind\u00e9pendance et d'autorit\u00e9, qui est \u00e9galement responsable du syst\u00e8me d'information interne du groupe et de son canal d'\u00e9thique. En tout \u00e9tat de cause, ce comit\u00e9 est disponible pour r\u00e9pondre \u00e0 toute question relative \u00e0 la conformit\u00e9 r\u00e9glementaire \u00e0 l'adresse suivante : compliance@gruporecoletas.com<\/p>\n<p>Gr\u00e2ce \u00e0 cette <a href=\"https:\/\/whistleblowersoftware.com\/secure\/canaleticorecoletas\">Canal \u00e9thique<\/a> L'outil est bas\u00e9 sur la directive (UE) 2019\/1937 du Parlement europ\u00e9en et du Conseil du 23 octobre 2019 relative \u00e0 la protection des personnes qui signalent des violations du droit de l'UE, ainsi que sur la loi 2\/2023 du 20 f\u00e9vrier, r\u00e9glementant la protection des personnes qui signalent des violations de la r\u00e9glementation et la lutte contre la corruption, gr\u00e2ce \u00e0 laquelle des communications peuvent \u00eatre effectu\u00e9es concernant d'\u00e9ventuelles conduites irr\u00e9guli\u00e8res qui pourraient avoir lieu et dont elles ont connaissance.<\/p>\n<p>L'anonymat et le principe de non-repr\u00e9sailles contre le plaignant sont absolument garantis, ainsi que la pr\u00e9somption d'innocence de l'accus\u00e9.<\/p>\n<\/div>\n<p>[\/et_pb_text][\/et_pb_column][\/et_pb_row][\/et_pb_section]<\/p>","protected":false},"excerpt":{"rendered":"<p>Canal \u00c9TICO Recoletas Salud mantiene un compromiso con el estricto cumplimiento de las leyes y la normativa en vigor, a trav\u00e9s de su Pol\u00edtica de Compliance, quedando prohibida la comisi\u00f3n de actos delictivos e irregulares. &nbsp; Por ello, a trav\u00e9s de un C\u00f3digo \u00c9tico, se busca establecer los principios y valores que deben inspirar y [&hellip;]<\/p>","protected":false},"author":2,"featured_media":0,"parent":0,"menu_order":0,"comment_status":"closed","ping_status":"closed","template":"","meta":{"_et_pb_use_builder":"on","_et_pb_old_content":"<!-- wp:divi\/placeholder \/-->","_et_gb_content_width":"","footnotes":""},"class_list":["post-292275","page","type-page","status-publish","hentry"],"yoast_head":"<!-- This site is optimized with the Yoast SEO plugin v26.1.1 - https:\/\/yoast.com\/wordpress\/plugins\/seo\/ -->\n<title>Canal \u00e9tico - Hospital Marbella<\/title>\n<meta name=\"description\" content=\"Informaci\u00f3n legal sobre el uso de nuestra web, condiciones de acceso, derechos y responsabilidades. Consulta aqu\u00ed los t\u00e9rminos legales.\" \/>\n<meta name=\"robots\" content=\"noindex, follow\" \/>\n<meta property=\"og:locale\" content=\"fr_FR\" \/>\n<meta property=\"og:type\" content=\"article\" \/>\n<meta property=\"og:title\" content=\"Canal \u00e9tico - Hospital Marbella\" \/>\n<meta property=\"og:description\" content=\"Informaci\u00f3n legal sobre el uso de nuestra web, condiciones de acceso, derechos y responsabilidades. Consulta aqu\u00ed los t\u00e9rminos legales.\" \/>\n<meta property=\"og:url\" content=\"https:\/\/recoletasmarbella.com\/fr\/canal-ethique\/\" \/>\n<meta property=\"og:site_name\" content=\"Hospital Marbella\" \/>\n<meta property=\"article:publisher\" content=\"https:\/\/www.facebook.com\/people\/Recoletas-Salud-Marbella\/61573653462220\/\" \/>\n<meta property=\"article:modified_time\" content=\"2026-02-03T11:51:23+00:00\" \/>\n<meta name=\"twitter:card\" content=\"summary_large_image\" \/>\n<meta name=\"twitter:label1\" content=\"Dur\u00e9e de lecture estim\u00e9e\" \/>\n\t<meta name=\"twitter:data1\" content=\"2 minutes\" \/>\n<script type=\"application\/ld+json\" class=\"yoast-schema-graph\">{\"@context\":\"https:\/\/schema.org\",\"@graph\":[{\"@type\":\"WebPage\",\"@id\":\"https:\/\/recoletasmarbella.com\/es\/canal-etico\/\",\"url\":\"https:\/\/recoletasmarbella.com\/es\/canal-etico\/\",\"name\":\"Canal \u00e9tico - Hospital Marbella\",\"isPartOf\":{\"@id\":\"https:\/\/recoletasmarbella.com\/es\/#website\"},\"datePublished\":\"2025-12-19T10:43:21+00:00\",\"dateModified\":\"2026-02-03T11:51:23+00:00\",\"description\":\"Informaci\u00f3n legal sobre el uso de nuestra web, condiciones de acceso, derechos y responsabilidades. Consulta aqu\u00ed los t\u00e9rminos legales.\",\"breadcrumb\":{\"@id\":\"https:\/\/recoletasmarbella.com\/es\/canal-etico\/#breadcrumb\"},\"inLanguage\":\"fr-FR\",\"potentialAction\":[{\"@type\":\"ReadAction\",\"target\":[\"https:\/\/recoletasmarbella.com\/es\/canal-etico\/\"]}]},{\"@type\":\"BreadcrumbList\",\"@id\":\"https:\/\/recoletasmarbella.com\/es\/canal-etico\/#breadcrumb\",\"itemListElement\":[{\"@type\":\"ListItem\",\"position\":1,\"name\":\"Portada\",\"item\":\"https:\/\/recoletasmarbella.com\/es\/\"},{\"@type\":\"ListItem\",\"position\":2,\"name\":\"Canal \u00e9tico\"}]},{\"@type\":\"WebSite\",\"@id\":\"https:\/\/recoletasmarbella.com\/es\/#website\",\"url\":\"https:\/\/recoletasmarbella.com\/es\/\",\"name\":\"Hospital Recoletas Salud Marbella\",\"description\":\"Recoletas Salud\",\"publisher\":{\"@id\":\"https:\/\/recoletasmarbella.com\/es\/#organization\"},\"potentialAction\":[{\"@type\":\"SearchAction\",\"target\":{\"@type\":\"EntryPoint\",\"urlTemplate\":\"https:\/\/recoletasmarbella.com\/es\/?s={search_term_string}\"},\"query-input\":{\"@type\":\"PropertyValueSpecification\",\"valueRequired\":true,\"valueName\":\"search_term_string\"}}],\"inLanguage\":\"fr-FR\"},{\"@type\":\"Organization\",\"@id\":\"https:\/\/recoletasmarbella.com\/es\/#organization\",\"name\":\"Grupo Recoletas\",\"url\":\"https:\/\/recoletasmarbella.com\/es\/\",\"logo\":{\"@type\":\"ImageObject\",\"inLanguage\":\"fr-FR\",\"@id\":\"https:\/\/recoletasmarbella.com\/es\/#\/schema\/logo\/image\/\",\"url\":\"http:\/\/recoletasmarbella.com\/wp-content\/uploads\/2025\/01\/logo-v-hospital-marbella-1.png\",\"contentUrl\":\"http:\/\/recoletasmarbella.com\/wp-content\/uploads\/2025\/01\/logo-v-hospital-marbella-1.png\",\"width\":216,\"height\":164,\"caption\":\"Grupo Recoletas\"},\"image\":{\"@id\":\"https:\/\/recoletasmarbella.com\/es\/#\/schema\/logo\/image\/\"},\"sameAs\":[\"https:\/\/www.facebook.com\/people\/Recoletas-Salud-Marbella\/61573653462220\/\",\"https:\/\/www.instagram.com\/recoletassaludmarbella\/\",\"https:\/\/www.linkedin.com\/company\/recoletas-salud-marbella\",\"https:\/\/www.youtube.com\/@recoletassalud\"]}]}<\/script>\n<!-- \/ Yoast SEO plugin. -->","yoast_head_json":{"title":"Canal \u00e9thique - Hospital Marbella","description":"Informations juridiques concernant l'utilisation de notre site web, les conditions d'acc\u00e8s, les droits et les responsabilit\u00e9s. Consultez les mentions l\u00e9gales ici.","robots":{"index":"noindex","follow":"follow"},"og_locale":"fr_FR","og_type":"article","og_title":"Canal \u00e9tico - Hospital Marbella","og_description":"Informaci\u00f3n legal sobre el uso de nuestra web, condiciones de acceso, derechos y responsabilidades. Consulta aqu\u00ed los t\u00e9rminos legales.","og_url":"https:\/\/recoletasmarbella.com\/fr\/canal-ethique\/","og_site_name":"Hospital Marbella","article_publisher":"https:\/\/www.facebook.com\/people\/Recoletas-Salud-Marbella\/61573653462220\/","article_modified_time":"2026-02-03T11:51:23+00:00","twitter_card":"summary_large_image","twitter_misc":{"Dur\u00e9e de lecture estim\u00e9e":"2 minutes"},"schema":{"@context":"https:\/\/schema.org","@graph":[{"@type":"WebPage","@id":"https:\/\/recoletasmarbella.com\/es\/canal-etico\/","url":"https:\/\/recoletasmarbella.com\/es\/canal-etico\/","name":"Canal \u00e9thique - Hospital Marbella","isPartOf":{"@id":"https:\/\/recoletasmarbella.com\/es\/#website"},"datePublished":"2025-12-19T10:43:21+00:00","dateModified":"2026-02-03T11:51:23+00:00","description":"Informations juridiques concernant l'utilisation de notre site web, les conditions d'acc\u00e8s, les droits et les responsabilit\u00e9s. Consultez les mentions l\u00e9gales ici.","breadcrumb":{"@id":"https:\/\/recoletasmarbella.com\/es\/canal-etico\/#breadcrumb"},"inLanguage":"fr-FR","potentialAction":[{"@type":"ReadAction","target":["https:\/\/recoletasmarbella.com\/es\/canal-etico\/"]}]},{"@type":"BreadcrumbList","@id":"https:\/\/recoletasmarbella.com\/es\/canal-etico\/#breadcrumb","itemListElement":[{"@type":"ListItem","position":1,"name":"Portada","item":"https:\/\/recoletasmarbella.com\/es\/"},{"@type":"ListItem","position":2,"name":"Canal \u00e9tico"}]},{"@type":"WebSite","@id":"https:\/\/recoletasmarbella.com\/es\/#website","url":"https:\/\/recoletasmarbella.com\/es\/","name":"L'h\u00f4pital Recoletas Salud Marbella","description":"de recoletas salud","publisher":{"@id":"https:\/\/recoletasmarbella.com\/es\/#organization"},"potentialAction":[{"@type":"SearchAction","target":{"@type":"EntryPoint","urlTemplate":"https:\/\/recoletasmarbella.com\/es\/?s={search_term_string}"},"query-input":{"@type":"PropertyValueSpecification","valueRequired":true,"valueName":"search_term_string"}}],"inLanguage":"fr-FR"},{"@type":"Organization","@id":"https:\/\/recoletasmarbella.com\/es\/#organization","name":"Groupe Recoletas","url":"https:\/\/recoletasmarbella.com\/es\/","logo":{"@type":"ImageObject","inLanguage":"fr-FR","@id":"https:\/\/recoletasmarbella.com\/es\/#\/schema\/logo\/image\/","url":"http:\/\/recoletasmarbella.com\/wp-content\/uploads\/2025\/01\/logo-v-hospital-marbella-1.png","contentUrl":"http:\/\/recoletasmarbella.com\/wp-content\/uploads\/2025\/01\/logo-v-hospital-marbella-1.png","width":216,"height":164,"caption":"Grupo Recoletas"},"image":{"@id":"https:\/\/recoletasmarbella.com\/es\/#\/schema\/logo\/image\/"},"sameAs":["https:\/\/www.facebook.com\/people\/Recoletas-Salud-Marbella\/61573653462220\/","https:\/\/www.instagram.com\/recoletassaludmarbella\/","https:\/\/www.linkedin.com\/company\/recoletas-salud-marbella","https:\/\/www.youtube.com\/@recoletassalud"]}]}},"_links":{"self":[{"href":"https:\/\/recoletasmarbella.com\/fr\/wp-json\/wp\/v2\/pages\/292275","targetHints":{"allow":["GET"]}}],"collection":[{"href":"https:\/\/recoletasmarbella.com\/fr\/wp-json\/wp\/v2\/pages"}],"about":[{"href":"https:\/\/recoletasmarbella.com\/fr\/wp-json\/wp\/v2\/types\/page"}],"author":[{"embeddable":true,"href":"https:\/\/recoletasmarbella.com\/fr\/wp-json\/wp\/v2\/users\/2"}],"replies":[{"embeddable":true,"href":"https:\/\/recoletasmarbella.com\/fr\/wp-json\/wp\/v2\/comments?post=292275"}],"version-history":[{"count":4,"href":"https:\/\/recoletasmarbella.com\/fr\/wp-json\/wp\/v2\/pages\/292275\/revisions"}],"predecessor-version":[{"id":292384,"href":"https:\/\/recoletasmarbella.com\/fr\/wp-json\/wp\/v2\/pages\/292275\/revisions\/292384"}],"wp:attachment":[{"href":"https:\/\/recoletasmarbella.com\/fr\/wp-json\/wp\/v2\/media?parent=292275"}],"curies":[{"name":"wp","href":"https:\/\/api.w.org\/{rel}","templated":true}]}}